{"id":2032,"date":"2026-03-09T09:29:22","date_gmt":"2026-03-09T07:29:22","guid":{"rendered":"https:\/\/dubacris.com\/fixe-tatras\/"},"modified":"2026-04-21T10:26:59","modified_gmt":"2026-04-21T08:26:59","slug":"fixe-tatras","status":"publish","type":"page","link":"https:\/\/dubacris.com\/fr\/fixe-tatras\/","title":{"rendered":"Fixe Tatras"},"content":{"rendered":"\t\t<div data-elementor-type=\"wp-page\" data-elementor-id=\"2032\" class=\"elementor elementor-2032 elementor-696\" data-elementor-post-type=\"page\">\n\t\t\t\t<div class=\"elementor-element elementor-element-f7e1e62 e-flex e-con-boxed e-con e-parent\" data-id=\"f7e1e62\" data-element_type=\"container\" data-e-type=\"container\" data-settings=\"{&quot;background_background&quot;:&quot;classic&quot;}\">\n\t\t\t\t\t<div class=\"e-con-inner\">\n\t\t\t\t<div class=\"elementor-element elementor-element-1d73926 elementor-widget-tablet__width-initial elementor-widget elementor-widget-heading\" data-id=\"1d73926\" data-element_type=\"widget\" data-e-type=\"widget\" data-widget_type=\"heading.default\">\n\t\t\t\t\t<h1 class=\"elementor-heading-title elementor-size-default\">Parois de douche fixes<\/h1>\t\t\t\t<\/div>\n\t\t\t\t\t<\/div>\n\t\t\t\t<\/div>\n\t\t<div class=\"elementor-element elementor-element-7d5fc7d6 e-flex e-con-boxed e-con e-parent\" data-id=\"7d5fc7d6\" data-element_type=\"container\" data-e-type=\"container\" data-settings=\"{&quot;background_background&quot;:&quot;classic&quot;}\">\n\t\t\t\t\t<div class=\"e-con-inner\">\n\t\t<div class=\"elementor-element elementor-element-7d0f07f4 e-con-full e-flex e-con e-child\" data-id=\"7d0f07f4\" data-element_type=\"container\" data-e-type=\"container\">\n\t\t\t\t<div class=\"elementor-element elementor-element-b497dd7 elementor-hidden-desktop elementor-hidden-tablet elementor-widget elementor-widget-heading\" data-id=\"b497dd7\" data-element_type=\"widget\" data-e-type=\"widget\" data-widget_type=\"heading.default\">\n\t\t\t\t\t<h2 class=\"elementor-heading-title elementor-size-default\">Fixe Tatras<\/h2>\t\t\t\t<\/div>\n\t\t\t\t<div class=\"elementor-element elementor-element-4b8a7d8 elementor--h-position-center elementor--v-position-middle elementor-arrows-position-inside elementor-pagination-position-inside elementor-widget elementor-widget-slides\" data-id=\"4b8a7d8\" data-element_type=\"widget\" data-e-type=\"widget\" data-settings=\"{&quot;sticky&quot;:&quot;top&quot;,&quot;sticky_on&quot;:[&quot;desktop&quot;,&quot;tablet&quot;],&quot;sticky_parent&quot;:&quot;yes&quot;,&quot;navigation&quot;:&quot;both&quot;,&quot;autoplay&quot;:&quot;yes&quot;,&quot;pause_on_hover&quot;:&quot;yes&quot;,&quot;pause_on_interaction&quot;:&quot;yes&quot;,&quot;autoplay_speed&quot;:5000,&quot;infinite&quot;:&quot;yes&quot;,&quot;transition&quot;:&quot;slide&quot;,&quot;transition_speed&quot;:500,&quot;sticky_offset&quot;:0,&quot;sticky_effects_offset&quot;:0,&quot;sticky_anchor_link_offset&quot;:0}\" data-widget_type=\"slides.default\">\n\t\t\t\t\t\t\t\t\t\t<div class=\"elementor-slides-wrapper elementor-main-swiper swiper\" role=\"region\" aria-roledescription=\"carousel\" aria-label=\"Slides\" dir=\"ltr\" data-animation=\"fadeInUp\">\r\n\t\t\t\t<div class=\"swiper-wrapper elementor-slides\">\r\n\t\t\t\t\t\t\t\t\t\t<div class=\"elementor-repeater-item-5602d81 swiper-slide\" role=\"group\" aria-roledescription=\"slide\"><div class=\"swiper-slide-bg\" role=\"img\" aria-label=\"Mampara Fija Tatras\"><\/div><div class=\"swiper-slide-inner\" ><div class=\"swiper-slide-contents\"><\/div><\/div><\/div>\t\t\t\t<\/div>\r\n\t\t\t\t\t\t\t<\/div>\r\n\t\t\t\t\t\t\t\t<\/div>\n\t\t\t\t<\/div>\n\t\t<div class=\"elementor-element elementor-element-3ea371fd e-con-full e-flex e-con e-child\" data-id=\"3ea371fd\" data-element_type=\"container\" data-e-type=\"container\">\n\t\t\t\t<div class=\"elementor-element elementor-element-54559ebb elementor-hidden-mobile elementor-widget elementor-widget-heading\" data-id=\"54559ebb\" data-element_type=\"widget\" data-e-type=\"widget\" data-widget_type=\"heading.default\">\n\t\t\t\t\t<h2 class=\"elementor-heading-title elementor-size-default\">Fixe Tatras<\/h2>\t\t\t\t<\/div>\n\t\t\t\t<div class=\"elementor-element elementor-element-e0a26bf elementor-widget elementor-widget-text-editor\" data-id=\"e0a26bf\" data-element_type=\"widget\" data-e-type=\"widget\" data-widget_type=\"text-editor.default\">\n\t\t\t\t\t\t\t\t\t<p>La paroi de douche fixe <strong>Tatras<\/strong>, inspir\u00e9e par la fonctionnalit\u00e9 et la simplicit\u00e9 des montagnes europ\u00e9ennes dont elle porte le nom, se distingue par sa <strong>rapidit\u00e9 d\u2019installation et sa disponibilit\u00e9 imm\u00e9diate<\/strong>.<br>Son design essentiel et sa structure l\u00e9g\u00e8re en font une solution pratique pour les projets n\u00e9cessitant <strong>efficacit\u00e9 et un bon rapport qualit\u00e9-prix.<\/strong><\/p><p><br>Avec un style \u00e9pur\u00e9 et sans complications, Tatras apporte <strong>confort et rapidit\u00e9<\/strong> sans renoncer \u00e0 la s\u00e9curit\u00e9 ni au bon go\u00fbt. Id\u00e9ale pour ceux qui recherchent une paroi <strong>fonctionnelle et accessible,<\/strong> pr\u00eate \u00e0 l\u2019emploi.<\/p>\t\t\t\t\t\t\t\t<\/div>\n\t\t<div class=\"elementor-element elementor-element-682a1753 e-con-full e-flex e-con e-child\" data-id=\"682a1753\" data-element_type=\"container\" data-e-type=\"container\">\n\t\t<div class=\"elementor-element elementor-element-6593f02d e-con-full e-flex e-con e-child\" data-id=\"6593f02d\" data-element_type=\"container\" data-e-type=\"container\">\n\t\t\t\t<\/div>\n\t\t<div class=\"elementor-element elementor-element-635c3583 e-con-full e-flex e-con e-child\" data-id=\"635c3583\" data-element_type=\"container\" data-e-type=\"container\">\n\t\t\t\t<\/div>\n\t\t\t\t<\/div>\n\t\t\t\t<div class=\"elementor-element elementor-element-0e58b4b elementor-widget elementor-widget-image\" data-id=\"0e58b4b\" data-element_type=\"widget\" data-e-type=\"widget\" data-widget_type=\"image.default\">\n\t\t\t\t\t\t\t\t\t\t\t\t\t\t\t<img decoding=\"async\" width=\"93\" height=\"37\" src=\"https:\/\/dubacris.com\/wp-content\/uploads\/2026\/03\/Captura-de-pantalla-2026-03-09-102131-1.png\" class=\"attachment-large size-large wp-image-1876\" alt=\"\" \/>\t\t\t\t\t\t\t\t\t\t\t\t\t\t\t<\/div>\n\t\t<div class=\"elementor-element elementor-element-46438873 e-con-full e-flex e-con e-child\" data-id=\"46438873\" data-element_type=\"container\" data-e-type=\"container\">\n\t\t\t\t<div class=\"elementor-element elementor-element-75aaf17d elementor-widget-mobile__width-initial elementor-widget elementor-widget-image\" data-id=\"75aaf17d\" data-element_type=\"widget\" data-e-type=\"widget\" data-widget_type=\"image.default\">\n\t\t\t\t\t\t\t\t\t\t\t\t\t\t\t<img decoding=\"async\" width=\"84\" height=\"80\" src=\"https:\/\/dubacris.com\/wp-content\/uploads\/2026\/03\/image-13.png\" class=\"attachment-large size-large wp-image-1848\" alt=\"\" \/>\t\t\t\t\t\t\t\t\t\t\t\t\t\t\t<\/div>\n\t\t\t\t<div class=\"elementor-element elementor-element-568f9cf elementor-widget-mobile__width-initial elementor-widget elementor-widget-image\" data-id=\"568f9cf\" data-element_type=\"widget\" data-e-type=\"widget\" data-widget_type=\"image.default\">\n\t\t\t\t\t\t\t\t\t\t\t\t\t\t\t<img decoding=\"async\" width=\"82\" height=\"89\" src=\"https:\/\/dubacris.com\/wp-content\/uploads\/2026\/03\/Captura-de-pantalla-2026-03-09-093653.png\" class=\"attachment-large size-large wp-image-1865\" alt=\"\" \/>\t\t\t\t\t\t\t\t\t\t\t\t\t\t\t<\/div>\n\t\t\t\t<div class=\"elementor-element elementor-element-1f3c10dc elementor-widget-mobile__width-initial elementor-widget elementor-widget-image\" data-id=\"1f3c10dc\" data-element_type=\"widget\" data-e-type=\"widget\" data-widget_type=\"image.default\">\n\t\t\t\t\t\t\t\t\t\t\t\t\t\t\t<img loading=\"lazy\" decoding=\"async\" width=\"55\" height=\"90\" src=\"https:\/\/dubacris.com\/wp-content\/uploads\/2026\/03\/Captura-de-pantalla-2026-03-09-093627.png\" class=\"attachment-large size-large wp-image-1864\" alt=\"\" \/>\t\t\t\t\t\t\t\t\t\t\t\t\t\t\t<\/div>\n\t\t\t\t<\/div>\n\t\t<div class=\"elementor-element elementor-element-92eccda e-con-full e-flex e-con e-child\" data-id=\"92eccda\" data-element_type=\"container\" data-e-type=\"container\">\n\t\t\t\t<div class=\"elementor-element elementor-element-ab426af elementor-widget elementor-widget-heading\" data-id=\"ab426af\" data-element_type=\"widget\" data-e-type=\"widget\" data-widget_type=\"heading.default\">\n\t\t\t\t\t<h2 class=\"elementor-heading-title elementor-size-default\">Configurations<\/h2>\t\t\t\t<\/div>\n\t\t<div class=\"elementor-element elementor-element-f8716d3 e-con-full e-flex e-con e-child\" data-id=\"f8716d3\" data-element_type=\"container\" data-e-type=\"container\">\n\t\t<div class=\"elementor-element elementor-element-b28b3d3 e-con-full e-flex e-con e-child\" data-id=\"b28b3d3\" data-element_type=\"container\" data-e-type=\"container\">\n\t\t\t\t<div class=\"elementor-element elementor-element-adeb3bd elementor-widget elementor-widget-heading\" data-id=\"adeb3bd\" data-element_type=\"widget\" data-e-type=\"widget\" data-widget_type=\"heading.default\">\n\t\t\t\t\t<h3 class=\"elementor-heading-title elementor-size-default\">Droites<\/h3>\t\t\t\t<\/div>\n\t\t<div class=\"elementor-element elementor-element-16db3c3 e-con-full e-flex e-con e-child\" data-id=\"16db3c3\" data-element_type=\"container\" data-e-type=\"container\">\n\t\t<div class=\"elementor-element elementor-element-d0030ba e-con-full e-flex e-con e-child\" data-id=\"d0030ba\" data-element_type=\"container\" data-e-type=\"container\">\n\t\t\t\t<div class=\"elementor-element elementor-element-25367ca elementor-widget elementor-widget-image\" data-id=\"25367ca\" data-element_type=\"widget\" data-e-type=\"widget\" data-widget_type=\"image.default\">\n\t\t\t\t\t\t\t\t\t\t\t\t\t\t\t<img loading=\"lazy\" decoding=\"async\" width=\"252\" height=\"252\" src=\"https:\/\/dubacris.com\/wp-content\/uploads\/2026\/03\/Configuraciones_Pagina_23.jpg\" class=\"attachment-large size-large wp-image-1924\" alt=\"\" srcset=\"https:\/\/dubacris.com\/wp-content\/uploads\/2026\/03\/Configuraciones_Pagina_23.jpg 252w, https:\/\/dubacris.com\/wp-content\/uploads\/2026\/03\/Configuraciones_Pagina_23-150x150.jpg 150w\" sizes=\"(max-width: 252px) 100vw, 252px\" \/>\t\t\t\t\t\t\t\t\t\t\t\t\t\t\t<\/div>\n\t\t\t\t<\/div>\n\t\t<div class=\"elementor-element elementor-element-7bd6943 e-con-full e-flex e-con e-child\" data-id=\"7bd6943\" data-element_type=\"container\" data-e-type=\"container\">\n\t\t\t\t<div class=\"elementor-element elementor-element-d5dba90 elementor-widget elementor-widget-heading\" data-id=\"d5dba90\" data-element_type=\"widget\" data-e-type=\"widget\" data-widget_type=\"heading.default\">\n\t\t\t\t\t<h4 class=\"elementor-heading-title elementor-size-default\">F<\/h4>\t\t\t\t<\/div>\n\t\t\t\t<\/div>\n\t\t\t\t<\/div>\n\t\t\t\t<\/div>\n\t\t<div class=\"elementor-element elementor-element-81c351b e-con-full e-flex e-con e-child\" data-id=\"81c351b\" data-element_type=\"container\" data-e-type=\"container\">\n\t\t\t\t<\/div>\n\t\t\t\t<\/div>\n\t\t\t\t<\/div>\n\t\t<div class=\"elementor-element elementor-element-ca28e78 e-con-full e-flex e-con e-child\" data-id=\"ca28e78\" data-element_type=\"container\" data-e-type=\"container\">\n\t\t\t\t<div class=\"elementor-element elementor-element-4ab844f elementor-widget elementor-widget-text-editor\" data-id=\"4ab844f\" data-element_type=\"widget\" data-e-type=\"widget\" data-widget_type=\"text-editor.default\">\n\t\t\t\t\t\t\t\t\t\t\t<div data-elementor-type=\"container\" data-elementor-id=\"1998\" class=\"elementor elementor-1998 elementor-1460 elementor-1460\" data-elementor-post-type=\"elementor_library\">\n\t\t\t\t<div class=\"elementor-element elementor-element-ae381dc e-con-full e-flex e-con e-child\" data-id=\"ae381dc\" data-element_type=\"container\" data-e-type=\"container\">\n\t\t\t\t<div class=\"elementor-element elementor-element-fcd100b elementor-widget elementor-widget-text-editor\" data-id=\"fcd100b\" data-element_type=\"widget\" data-e-type=\"widget\" data-widget_type=\"text-editor.default\">\n\t\t\t\t\t\t\t\t\t<p><a href=\"#pop-up-leyendas\">&gt; Cliquez ici pour lire la l\u00e9gende compl\u00e8te.<\/a><\/p>\t\t\t\t\t\t\t\t<\/div>\n\t\t\t\t<\/div>\n\t\t\t\t<\/div>\n\t\t\t\t\t\t\t\t\t\t<\/div>\n\t\t\t\t<\/div>\n\t\t<div class=\"elementor-element elementor-element-28d21fbc e-con-full e-flex e-con e-child\" data-id=\"28d21fbc\" data-element_type=\"container\" data-e-type=\"container\">\n\t\t\t\t<div class=\"elementor-element elementor-element-17a6d1fd elementor-align-justify elementor-widget__width-initial elementor-widget elementor-widget-button\" data-id=\"17a6d1fd\" data-element_type=\"widget\" data-e-type=\"widget\" data-widget_type=\"button.default\">\n\t\t\t\t\t\t\t\t\t\t<a class=\"elementor-button elementor-button-link elementor-size-sm\" href=\"https:\/\/wa.me\/34697433692\">\n\t\t\t\t\t\t<span class=\"elementor-button-content-wrapper\">\n\t\t\t\t\t\t<span class=\"elementor-button-icon\">\n\t\t\t\t<svg aria-hidden=\"true\" class=\"e-font-icon-svg e-fab-whatsapp\" viewBox=\"0 0 448 512\" xmlns=\"http:\/\/www.w3.org\/2000\/svg\"><path d=\"M380.9 97.1C339 55.1 283.2 32 223.9 32c-122.4 0-222 99.6-222 222 0 39.1 10.2 77.3 29.6 111L0 480l117.7-30.9c32.4 17.7 68.9 27 106.1 27h.1c122.3 0 224.1-99.6 224.1-222 0-59.3-25.2-115-67.1-157zm-157 341.6c-33.2 0-65.7-8.9-94-25.7l-6.7-4-69.8 18.3L72 359.2l-4.4-7c-18.5-29.4-28.2-63.3-28.2-98.2 0-101.7 82.8-184.5 184.6-184.5 49.3 0 95.6 19.2 130.4 54.1 34.8 34.9 56.2 81.2 56.1 130.5 0 101.8-84.9 184.6-186.6 184.6zm101.2-138.2c-5.5-2.8-32.8-16.2-37.9-18-5.1-1.9-8.8-2.8-12.5 2.8-3.7 5.6-14.3 18-17.6 21.8-3.2 3.7-6.5 4.2-12 1.4-32.6-16.3-54-29.1-75.5-66-5.7-9.8 5.7-9.1 16.3-30.3 1.8-3.7.9-6.9-.5-9.7-1.4-2.8-12.5-30.1-17.1-41.2-4.5-10.8-9.1-9.3-12.5-9.5-3.2-.2-6.9-.2-10.6-.2-3.7 0-9.7 1.4-14.8 6.9-5.1 5.6-19.4 19-19.4 46.3 0 27.3 19.9 53.7 22.6 57.4 2.8 3.7 39.1 59.7 94.8 83.8 35.2 15.2 49 16.5 66.6 13.9 10.7-1.6 32.8-13.4 37.4-26.4 4.6-13 4.6-24.1 3.2-26.4-1.3-2.5-5-3.9-10.5-6.6z\"><\/path><\/svg>\t\t\t<\/span>\n\t\t\t\t\t\t\t\t\t<span class=\"elementor-button-text\">Commander via WhatsApp<\/span>\n\t\t\t\t\t<\/span>\n\t\t\t\t\t<\/a>\n\t\t\t\t\t\t\t\t<\/div>\n\t\t\t\t<\/div>\n\t\t\t\t<\/div>\n\t\t\t\t\t<\/div>\n\t\t\t\t<\/div>\n\t\t\t\t<\/div>\n\t\t","protected":false},"excerpt":{"rendered":"<p>Parois de douche fixes Fixe Tatras Fixe Tatras La paroi de douche fixe Tatras, inspir\u00e9e par la fonctionnalit\u00e9 et la simplicit\u00e9 des montagnes europ\u00e9ennes dont elle porte le nom, se distingue par sa rapidit\u00e9 d\u2019installation et sa disponibilit\u00e9 imm\u00e9diate.Son design essentiel et sa structure l\u00e9g\u00e8re en font une solution pratique pour les projets n\u00e9cessitant efficacit\u00e9 [&hellip;]<\/p>\n","protected":false},"author":1,"featured_media":0,"parent":0,"menu_order":0,"comment_status":"closed","ping_status":"closed","template":"","meta":{"_joinchat":[],"footnotes":""},"class_list":["post-2032","page","type-page","status-publish","hentry"],"yoast_head":"<!-- This site is optimized with the Yoast SEO Premium plugin v27.2 (Yoast SEO v27.3) - https:\/\/yoast.com\/product\/yoast-seo-premium-wordpress\/ -->\n<title>Fixe Tatras - Dubacris<\/title>\n<meta name=\"robots\" content=\"index, follow, max-snippet:-1, max-image-preview:large, max-video-preview:-1\" \/>\n<link rel=\"canonical\" href=\"https:\/\/dubacris.com\/fr\/fixe-tatras\/\" \/>\n<meta property=\"og:locale\" content=\"fr_FR\" \/>\n<meta property=\"og:type\" content=\"article\" \/>\n<meta property=\"og:title\" content=\"Fixe Tatras\" \/>\n<meta property=\"og:description\" content=\"Parois de douche fixes Fixe Tatras Fixe Tatras La paroi de douche fixe Tatras, inspir\u00e9e par la fonctionnalit\u00e9 et la simplicit\u00e9 des montagnes europ\u00e9ennes dont elle porte le nom, se distingue par sa rapidit\u00e9 d\u2019installation et sa disponibilit\u00e9 imm\u00e9diate.Son design essentiel et sa structure l\u00e9g\u00e8re en font une solution pratique pour les projets n\u00e9cessitant efficacit\u00e9 [&hellip;]\" \/>\n<meta property=\"og:url\" content=\"https:\/\/dubacris.com\/fr\/fixe-tatras\/\" \/>\n<meta property=\"og:site_name\" content=\"Dubacris\" \/>\n<meta property=\"article:modified_time\" content=\"2026-04-21T08:26:59+00:00\" \/>\n<meta property=\"og:image\" content=\"https:\/\/dubacris.com\/wp-content\/uploads\/2026\/03\/Captura-de-pantalla-2026-03-09-102131-1.png\" \/>\n\t<meta property=\"og:image:width\" content=\"93\" \/>\n\t<meta property=\"og:image:height\" content=\"37\" \/>\n\t<meta property=\"og:image:type\" content=\"image\/png\" \/>\n<meta name=\"twitter:card\" content=\"summary_large_image\" \/>\n<meta name=\"twitter:label1\" content=\"Dur\u00e9e de lecture estim\u00e9e\" \/>\n\t<meta name=\"twitter:data1\" content=\"1 minute\" \/>\n<script type=\"application\/ld+json\" class=\"yoast-schema-graph\">{\"@context\":\"https:\\\/\\\/schema.org\",\"@graph\":[{\"@type\":\"WebPage\",\"@id\":\"https:\\\/\\\/dubacris.com\\\/fr\\\/fixe-tatras\\\/\",\"url\":\"https:\\\/\\\/dubacris.com\\\/fr\\\/fixe-tatras\\\/\",\"name\":\"Fixe Tatras - Dubacris\",\"isPartOf\":{\"@id\":\"https:\\\/\\\/dubacris.com\\\/#website\"},\"primaryImageOfPage\":{\"@id\":\"https:\\\/\\\/dubacris.com\\\/fr\\\/fixe-tatras\\\/#primaryimage\"},\"image\":{\"@id\":\"https:\\\/\\\/dubacris.com\\\/fr\\\/fixe-tatras\\\/#primaryimage\"},\"thumbnailUrl\":\"https:\\\/\\\/dubacris.com\\\/wp-content\\\/uploads\\\/2026\\\/03\\\/Captura-de-pantalla-2026-03-09-102131-1.png\",\"datePublished\":\"2026-03-09T07:29:22+00:00\",\"dateModified\":\"2026-04-21T08:26:59+00:00\",\"breadcrumb\":{\"@id\":\"https:\\\/\\\/dubacris.com\\\/fr\\\/fixe-tatras\\\/#breadcrumb\"},\"inLanguage\":\"fr-FR\",\"potentialAction\":[{\"@type\":\"ReadAction\",\"target\":[\"https:\\\/\\\/dubacris.com\\\/fr\\\/fixe-tatras\\\/\"]}]},{\"@type\":\"ImageObject\",\"inLanguage\":\"fr-FR\",\"@id\":\"https:\\\/\\\/dubacris.com\\\/fr\\\/fixe-tatras\\\/#primaryimage\",\"url\":\"https:\\\/\\\/dubacris.com\\\/wp-content\\\/uploads\\\/2026\\\/03\\\/Captura-de-pantalla-2026-03-09-102131-1.png\",\"contentUrl\":\"https:\\\/\\\/dubacris.com\\\/wp-content\\\/uploads\\\/2026\\\/03\\\/Captura-de-pantalla-2026-03-09-102131-1.png\"},{\"@type\":\"BreadcrumbList\",\"@id\":\"https:\\\/\\\/dubacris.com\\\/fr\\\/fixe-tatras\\\/#breadcrumb\",\"itemListElement\":[{\"@type\":\"ListItem\",\"position\":1,\"name\":\"Portada\",\"item\":\"https:\\\/\\\/dubacris.com\\\/\"},{\"@type\":\"ListItem\",\"position\":2,\"name\":\"Fixe Tatras\"}]},{\"@type\":\"WebSite\",\"@id\":\"https:\\\/\\\/dubacris.com\\\/#website\",\"url\":\"https:\\\/\\\/dubacris.com\\\/\",\"name\":\"Dubacris\",\"description\":\"Fabricante de Mamparas y Herrajes para Vidrio\",\"publisher\":{\"@id\":\"https:\\\/\\\/dubacris.com\\\/#organization\"},\"potentialAction\":[{\"@type\":\"SearchAction\",\"target\":{\"@type\":\"EntryPoint\",\"urlTemplate\":\"https:\\\/\\\/dubacris.com\\\/?s={search_term_string}\"},\"query-input\":{\"@type\":\"PropertyValueSpecification\",\"valueRequired\":true,\"valueName\":\"search_term_string\"}}],\"inLanguage\":\"fr-FR\"},{\"@type\":\"Organization\",\"@id\":\"https:\\\/\\\/dubacris.com\\\/#organization\",\"name\":\"Dubacris\",\"url\":\"https:\\\/\\\/dubacris.com\\\/\",\"logo\":{\"@type\":\"ImageObject\",\"inLanguage\":\"fr-FR\",\"@id\":\"https:\\\/\\\/dubacris.com\\\/#\\\/schema\\\/logo\\\/image\\\/\",\"url\":\"https:\\\/\\\/dubacris.com\\\/wp-content\\\/uploads\\\/2026\\\/02\\\/Dubacris-03.png\",\"contentUrl\":\"https:\\\/\\\/dubacris.com\\\/wp-content\\\/uploads\\\/2026\\\/02\\\/Dubacris-03.png\",\"width\":1755,\"height\":1241,\"caption\":\"Dubacris\"},\"image\":{\"@id\":\"https:\\\/\\\/dubacris.com\\\/#\\\/schema\\\/logo\\\/image\\\/\"}}]}<\/script>\n<!-- \/ Yoast SEO Premium plugin. -->","yoast_head_json":{"title":"Fixe Tatras - Dubacris","robots":{"index":"index","follow":"follow","max-snippet":"max-snippet:-1","max-image-preview":"max-image-preview:large","max-video-preview":"max-video-preview:-1"},"canonical":"https:\/\/dubacris.com\/fr\/fixe-tatras\/","og_locale":"fr_FR","og_type":"article","og_title":"Fixe Tatras","og_description":"Parois de douche fixes Fixe Tatras Fixe Tatras La paroi de douche fixe Tatras, inspir\u00e9e par la fonctionnalit\u00e9 et la simplicit\u00e9 des montagnes europ\u00e9ennes dont elle porte le nom, se distingue par sa rapidit\u00e9 d\u2019installation et sa disponibilit\u00e9 imm\u00e9diate.Son design essentiel et sa structure l\u00e9g\u00e8re en font une solution pratique pour les projets n\u00e9cessitant efficacit\u00e9 [&hellip;]","og_url":"https:\/\/dubacris.com\/fr\/fixe-tatras\/","og_site_name":"Dubacris","article_modified_time":"2026-04-21T08:26:59+00:00","og_image":[{"width":93,"height":37,"url":"https:\/\/dubacris.com\/wp-content\/uploads\/2026\/03\/Captura-de-pantalla-2026-03-09-102131-1.png","type":"image\/png"}],"twitter_card":"summary_large_image","twitter_misc":{"Dur\u00e9e de lecture estim\u00e9e":"1 minute"},"schema":{"@context":"https:\/\/schema.org","@graph":[{"@type":"WebPage","@id":"https:\/\/dubacris.com\/fr\/fixe-tatras\/","url":"https:\/\/dubacris.com\/fr\/fixe-tatras\/","name":"Fixe Tatras - Dubacris","isPartOf":{"@id":"https:\/\/dubacris.com\/#website"},"primaryImageOfPage":{"@id":"https:\/\/dubacris.com\/fr\/fixe-tatras\/#primaryimage"},"image":{"@id":"https:\/\/dubacris.com\/fr\/fixe-tatras\/#primaryimage"},"thumbnailUrl":"https:\/\/dubacris.com\/wp-content\/uploads\/2026\/03\/Captura-de-pantalla-2026-03-09-102131-1.png","datePublished":"2026-03-09T07:29:22+00:00","dateModified":"2026-04-21T08:26:59+00:00","breadcrumb":{"@id":"https:\/\/dubacris.com\/fr\/fixe-tatras\/#breadcrumb"},"inLanguage":"fr-FR","potentialAction":[{"@type":"ReadAction","target":["https:\/\/dubacris.com\/fr\/fixe-tatras\/"]}]},{"@type":"ImageObject","inLanguage":"fr-FR","@id":"https:\/\/dubacris.com\/fr\/fixe-tatras\/#primaryimage","url":"https:\/\/dubacris.com\/wp-content\/uploads\/2026\/03\/Captura-de-pantalla-2026-03-09-102131-1.png","contentUrl":"https:\/\/dubacris.com\/wp-content\/uploads\/2026\/03\/Captura-de-pantalla-2026-03-09-102131-1.png"},{"@type":"BreadcrumbList","@id":"https:\/\/dubacris.com\/fr\/fixe-tatras\/#breadcrumb","itemListElement":[{"@type":"ListItem","position":1,"name":"Portada","item":"https:\/\/dubacris.com\/"},{"@type":"ListItem","position":2,"name":"Fixe Tatras"}]},{"@type":"WebSite","@id":"https:\/\/dubacris.com\/#website","url":"https:\/\/dubacris.com\/","name":"Dubacris","description":"Fabricante de Mamparas y Herrajes para Vidrio","publisher":{"@id":"https:\/\/dubacris.com\/#organization"},"potentialAction":[{"@type":"SearchAction","target":{"@type":"EntryPoint","urlTemplate":"https:\/\/dubacris.com\/?s={search_term_string}"},"query-input":{"@type":"PropertyValueSpecification","valueRequired":true,"valueName":"search_term_string"}}],"inLanguage":"fr-FR"},{"@type":"Organization","@id":"https:\/\/dubacris.com\/#organization","name":"Dubacris","url":"https:\/\/dubacris.com\/","logo":{"@type":"ImageObject","inLanguage":"fr-FR","@id":"https:\/\/dubacris.com\/#\/schema\/logo\/image\/","url":"https:\/\/dubacris.com\/wp-content\/uploads\/2026\/02\/Dubacris-03.png","contentUrl":"https:\/\/dubacris.com\/wp-content\/uploads\/2026\/02\/Dubacris-03.png","width":1755,"height":1241,"caption":"Dubacris"},"image":{"@id":"https:\/\/dubacris.com\/#\/schema\/logo\/image\/"}}]}},"_links":{"self":[{"href":"https:\/\/dubacris.com\/fr\/wp-json\/wp\/v2\/pages\/2032","targetHints":{"allow":["GET"]}}],"collection":[{"href":"https:\/\/dubacris.com\/fr\/wp-json\/wp\/v2\/pages"}],"about":[{"href":"https:\/\/dubacris.com\/fr\/wp-json\/wp\/v2\/types\/page"}],"author":[{"embeddable":true,"href":"https:\/\/dubacris.com\/fr\/wp-json\/wp\/v2\/users\/1"}],"replies":[{"embeddable":true,"href":"https:\/\/dubacris.com\/fr\/wp-json\/wp\/v2\/comments?post=2032"}],"version-history":[{"count":1,"href":"https:\/\/dubacris.com\/fr\/wp-json\/wp\/v2\/pages\/2032\/revisions"}],"predecessor-version":[{"id":2033,"href":"https:\/\/dubacris.com\/fr\/wp-json\/wp\/v2\/pages\/2032\/revisions\/2033"}],"wp:attachment":[{"href":"https:\/\/dubacris.com\/fr\/wp-json\/wp\/v2\/media?parent=2032"}],"curies":[{"name":"wp","href":"https:\/\/api.w.org\/{rel}","templated":true}]}}