{"id":2028,"date":"2026-03-06T14:20:39","date_gmt":"2026-03-06T12:20:39","guid":{"rendered":"https:\/\/dubacris.com\/fixe-pamir\/"},"modified":"2026-04-21T10:22:15","modified_gmt":"2026-04-21T08:22:15","slug":"fixe-pamir","status":"publish","type":"page","link":"https:\/\/dubacris.com\/fr\/fixe-pamir\/","title":{"rendered":"Fixe Pamir"},"content":{"rendered":"\t\t<div data-elementor-type=\"wp-page\" data-elementor-id=\"2028\" class=\"elementor elementor-2028 elementor-677\" data-elementor-post-type=\"page\">\n\t\t\t\t<div class=\"elementor-element elementor-element-378af7c e-flex e-con-boxed e-con e-parent\" data-id=\"378af7c\" data-element_type=\"container\" data-e-type=\"container\" data-settings=\"{&quot;background_background&quot;:&quot;classic&quot;}\">\n\t\t\t\t\t<div class=\"e-con-inner\">\n\t\t\t\t<div class=\"elementor-element elementor-element-c36f557 elementor-widget-tablet__width-initial elementor-widget elementor-widget-heading\" data-id=\"c36f557\" data-element_type=\"widget\" data-e-type=\"widget\" data-widget_type=\"heading.default\">\n\t\t\t\t\t<h1 class=\"elementor-heading-title elementor-size-default\">Parois de douche fixes<\/h1>\t\t\t\t<\/div>\n\t\t\t\t\t<\/div>\n\t\t\t\t<\/div>\n\t\t<div class=\"elementor-element elementor-element-6fc2204f e-flex e-con-boxed e-con e-parent\" data-id=\"6fc2204f\" data-element_type=\"container\" data-e-type=\"container\" data-settings=\"{&quot;background_background&quot;:&quot;classic&quot;}\">\n\t\t\t\t\t<div class=\"e-con-inner\">\n\t\t<div class=\"elementor-element elementor-element-7e9dedaa e-con-full e-flex e-con e-child\" data-id=\"7e9dedaa\" data-element_type=\"container\" data-e-type=\"container\">\n\t\t\t\t<div class=\"elementor-element elementor-element-9af9c20 elementor-hidden-desktop elementor-hidden-tablet elementor-widget elementor-widget-heading\" data-id=\"9af9c20\" data-element_type=\"widget\" data-e-type=\"widget\" data-widget_type=\"heading.default\">\n\t\t\t\t\t<h2 class=\"elementor-heading-title elementor-size-default\">Fixe Pamir<\/h2>\t\t\t\t<\/div>\n\t\t\t\t<div class=\"elementor-element elementor-element-64b79209 elementor--h-position-center elementor--v-position-middle elementor-arrows-position-inside elementor-pagination-position-inside elementor-widget elementor-widget-slides\" data-id=\"64b79209\" data-element_type=\"widget\" data-e-type=\"widget\" data-settings=\"{&quot;sticky&quot;:&quot;top&quot;,&quot;sticky_on&quot;:[&quot;desktop&quot;,&quot;tablet&quot;],&quot;sticky_parent&quot;:&quot;yes&quot;,&quot;navigation&quot;:&quot;both&quot;,&quot;autoplay&quot;:&quot;yes&quot;,&quot;pause_on_hover&quot;:&quot;yes&quot;,&quot;pause_on_interaction&quot;:&quot;yes&quot;,&quot;autoplay_speed&quot;:5000,&quot;infinite&quot;:&quot;yes&quot;,&quot;transition&quot;:&quot;slide&quot;,&quot;transition_speed&quot;:500,&quot;sticky_offset&quot;:0,&quot;sticky_effects_offset&quot;:0,&quot;sticky_anchor_link_offset&quot;:0}\" data-widget_type=\"slides.default\">\n\t\t\t\t\t\t\t\t\t\t<div class=\"elementor-slides-wrapper elementor-main-swiper swiper\" role=\"region\" aria-roledescription=\"carousel\" aria-label=\"Slides\" dir=\"ltr\" data-animation=\"fadeInUp\">\r\n\t\t\t\t<div class=\"swiper-wrapper elementor-slides\">\r\n\t\t\t\t\t\t\t\t\t\t<div class=\"elementor-repeater-item-5602d81 swiper-slide\" role=\"group\" aria-roledescription=\"slide\"><div class=\"swiper-slide-bg\" role=\"img\" aria-label=\"Mampara Fija Pamir 1\"><\/div><div class=\"swiper-slide-inner\" ><div class=\"swiper-slide-contents\"><\/div><\/div><\/div><div class=\"elementor-repeater-item-b83442a swiper-slide\" role=\"group\" aria-roledescription=\"slide\"><div class=\"swiper-slide-bg\" role=\"img\" aria-label=\"Mampara Fija Pamir 2\"><\/div><div class=\"swiper-slide-inner\" ><div class=\"swiper-slide-contents\"><\/div><\/div><\/div>\t\t\t\t<\/div>\r\n\t\t\t\t\t\t\t\t\t\t\t\t\t\t\t<div class=\"elementor-swiper-button elementor-swiper-button-prev\" role=\"button\" tabindex=\"0\" aria-label=\"Previous slide\">\r\n\t\t\t\t\t\t\t<svg aria-hidden=\"true\" class=\"e-font-icon-svg e-eicon-chevron-left\" viewBox=\"0 0 1000 1000\" xmlns=\"http:\/\/www.w3.org\/2000\/svg\"><path d=\"M646 125C629 125 613 133 604 142L308 442C296 454 292 471 292 487 292 504 296 521 308 533L604 854C617 867 629 875 646 875 663 875 679 871 692 858 704 846 713 829 713 812 713 796 708 779 692 767L438 487 692 225C700 217 708 204 708 187 708 171 704 154 692 142 675 129 663 125 646 125Z\"><\/path><\/svg>\t\t\t\t\t\t<\/div>\r\n\t\t\t\t\t\t<div class=\"elementor-swiper-button elementor-swiper-button-next\" role=\"button\" tabindex=\"0\" aria-label=\"Next slide\">\r\n\t\t\t\t\t\t\t<svg aria-hidden=\"true\" class=\"e-font-icon-svg e-eicon-chevron-right\" viewBox=\"0 0 1000 1000\" xmlns=\"http:\/\/www.w3.org\/2000\/svg\"><path d=\"M696 533C708 521 713 504 713 487 713 471 708 454 696 446L400 146C388 133 375 125 354 125 338 125 325 129 313 142 300 154 292 171 292 187 292 204 296 221 308 233L563 492 304 771C292 783 288 800 288 817 288 833 296 850 308 863 321 871 338 875 354 875 371 875 388 867 400 854L696 533Z\"><\/path><\/svg>\t\t\t\t\t\t<\/div>\r\n\t\t\t\t\t\t\t\t\t\t\t\t\t\t\t\t<div class=\"swiper-pagination\"><\/div>\r\n\t\t\t\t\t\t\t\t\t\t\t\t<\/div>\r\n\t\t\t\t\t\t\t\t<\/div>\n\t\t\t\t<\/div>\n\t\t<div class=\"elementor-element elementor-element-39fd2b2d e-con-full e-flex e-con e-child\" data-id=\"39fd2b2d\" data-element_type=\"container\" data-e-type=\"container\">\n\t\t\t\t<div class=\"elementor-element elementor-element-4378d0ad elementor-hidden-mobile elementor-widget elementor-widget-heading\" data-id=\"4378d0ad\" data-element_type=\"widget\" data-e-type=\"widget\" data-widget_type=\"heading.default\">\n\t\t\t\t\t<h2 class=\"elementor-heading-title elementor-size-default\">Fixe Pamir<\/h2>\t\t\t\t<\/div>\n\t\t\t\t<div class=\"elementor-element elementor-element-57f7d067 elementor-widget elementor-widget-text-editor\" data-id=\"57f7d067\" data-element_type=\"widget\" data-e-type=\"widget\" data-widget_type=\"text-editor.default\">\n\t\t\t\t\t\t\t\t\t<p>La paroi de douche fixe <strong>Pamir<\/strong>, inspir\u00e9e par la puret\u00e9 des plus hauts sommets d\u2019Asie, repr\u00e9sente l\u2019expression <strong>maximale du design minimaliste<\/strong>. Son syst\u00e8me exclusif de <strong>barre de renfort en \u00e9querre avec visserie dissimul\u00e9e<\/strong> \u00e9limine la n\u00e9cessit\u00e9 d\u2019un tirant transversal, cr\u00e9ant une sensation d\u2019espace ouvert et de continuit\u00e9 visuelle unique sur le march\u00e9. <\/p><p><br>Chaque ligne a \u00e9t\u00e9 con\u00e7ue pour renforcer la l\u00e9g\u00e8ret\u00e9 esth\u00e9tique sans compromettre la solidit\u00e9 structurelle. <strong>Fabriqu\u00e9e en Espagne<\/strong>, Pamir refl\u00e8te l\u2019union parfaite entre<strong> innovation, \u00e9l\u00e9gance et pr\u00e9cision constructive<\/strong>.<\/p>\t\t\t\t\t\t\t\t<\/div>\n\t\t<div class=\"elementor-element elementor-element-20950a2c e-con-full e-flex e-con e-child\" data-id=\"20950a2c\" data-element_type=\"container\" data-e-type=\"container\">\n\t\t<div class=\"elementor-element elementor-element-6b784720 e-con-full e-flex e-con e-child\" data-id=\"6b784720\" data-element_type=\"container\" data-e-type=\"container\">\n\t\t\t\t<div class=\"elementor-element elementor-element-38c526c elementor-widget elementor-widget-image\" data-id=\"38c526c\" data-element_type=\"widget\" data-e-type=\"widget\" data-widget_type=\"image.default\">\n\t\t\t\t\t\t\t\t\t\t\t\t\t\t\t<img decoding=\"async\" width=\"199\" height=\"203\" src=\"https:\/\/dubacris.com\/wp-content\/uploads\/2026\/03\/image-21.png\" class=\"attachment-large size-large wp-image-1857\" alt=\"\" \/>\t\t\t\t\t\t\t\t\t\t\t\t\t\t\t<\/div>\n\t\t\t\t<div class=\"elementor-element elementor-element-7d76e378 elementor-widget elementor-widget-text-editor\" data-id=\"7d76e378\" data-element_type=\"widget\" data-e-type=\"widget\" data-widget_type=\"text-editor.default\">\n\t\t\t\t\t\t\t\t\t<p>Barre de renfort en 90\u00ba<br><strong>0405201<\/strong><\/p>\t\t\t\t\t\t\t\t<\/div>\n\t\t\t\t<\/div>\n\t\t\t\t<\/div>\n\t\t\t\t<div class=\"elementor-element elementor-element-b43c0aa elementor-widget elementor-widget-image\" data-id=\"b43c0aa\" data-element_type=\"widget\" data-e-type=\"widget\" data-widget_type=\"image.default\">\n\t\t\t\t\t\t\t\t\t\t\t\t\t\t\t<img decoding=\"async\" width=\"158\" height=\"43\" src=\"https:\/\/dubacris.com\/wp-content\/uploads\/2026\/03\/Captura-de-pantalla-2026-03-09-104437.png\" class=\"attachment-large size-large wp-image-1874\" alt=\"\" \/>\t\t\t\t\t\t\t\t\t\t\t\t\t\t\t<\/div>\n\t\t<div class=\"elementor-element elementor-element-4f08d549 e-con-full e-flex e-con e-child\" data-id=\"4f08d549\" data-element_type=\"container\" data-e-type=\"container\">\n\t\t\t\t<div class=\"elementor-element elementor-element-7a1a538c elementor-widget-mobile__width-initial elementor-widget elementor-widget-image\" data-id=\"7a1a538c\" data-element_type=\"widget\" data-e-type=\"widget\" data-widget_type=\"image.default\">\n\t\t\t\t\t\t\t\t\t\t\t\t\t\t\t<img decoding=\"async\" width=\"97\" height=\"113\" src=\"https:\/\/dubacris.com\/wp-content\/uploads\/2026\/03\/alpes2.png\" class=\"attachment-large size-large wp-image-1840\" alt=\"\" \/>\t\t\t\t\t\t\t\t\t\t\t\t\t\t\t<\/div>\n\t\t\t\t<div class=\"elementor-element elementor-element-00ed07f elementor-widget-mobile__width-initial elementor-widget elementor-widget-image\" data-id=\"00ed07f\" data-element_type=\"widget\" data-e-type=\"widget\" data-widget_type=\"image.default\">\n\t\t\t\t\t\t\t\t\t\t\t\t\t\t\t<img loading=\"lazy\" decoding=\"async\" width=\"86\" height=\"91\" src=\"https:\/\/dubacris.com\/wp-content\/uploads\/2026\/03\/image-23.png\" class=\"attachment-large size-large wp-image-1859\" alt=\"\" \/>\t\t\t\t\t\t\t\t\t\t\t\t\t\t\t<\/div>\n\t\t\t\t<div class=\"elementor-element elementor-element-6db5147e elementor-widget-mobile__width-initial elementor-widget elementor-widget-image\" data-id=\"6db5147e\" data-element_type=\"widget\" data-e-type=\"widget\" data-widget_type=\"image.default\">\n\t\t\t\t\t\t\t\t\t\t\t\t\t\t\t<img loading=\"lazy\" decoding=\"async\" width=\"81\" height=\"91\" src=\"https:\/\/dubacris.com\/wp-content\/uploads\/2026\/03\/image-24.png\" class=\"attachment-large size-large wp-image-1858\" alt=\"\" \/>\t\t\t\t\t\t\t\t\t\t\t\t\t\t\t<\/div>\n\t\t\t\t<\/div>\n\t\t<div class=\"elementor-element elementor-element-42e720f e-con-full e-flex e-con e-child\" data-id=\"42e720f\" data-element_type=\"container\" data-e-type=\"container\">\n\t\t\t\t<div class=\"elementor-element elementor-element-adc2e5c elementor-widget elementor-widget-heading\" data-id=\"adc2e5c\" data-element_type=\"widget\" data-e-type=\"widget\" data-widget_type=\"heading.default\">\n\t\t\t\t\t<h2 class=\"elementor-heading-title elementor-size-default\">Configurations<\/h2>\t\t\t\t<\/div>\n\t\t<div class=\"elementor-element elementor-element-5efc676 e-con-full e-flex e-con e-child\" data-id=\"5efc676\" data-element_type=\"container\" data-e-type=\"container\">\n\t\t<div class=\"elementor-element elementor-element-c5b7f25 e-con-full e-flex e-con e-child\" data-id=\"c5b7f25\" data-element_type=\"container\" data-e-type=\"container\">\n\t\t\t\t<div class=\"elementor-element elementor-element-c071d22 elementor-widget elementor-widget-heading\" data-id=\"c071d22\" data-element_type=\"widget\" data-e-type=\"widget\" data-widget_type=\"heading.default\">\n\t\t\t\t\t<h3 class=\"elementor-heading-title elementor-size-default\">Droites<\/h3>\t\t\t\t<\/div>\n\t\t<div class=\"elementor-element elementor-element-ec526f1 e-con-full e-flex e-con e-child\" data-id=\"ec526f1\" data-element_type=\"container\" data-e-type=\"container\">\n\t\t<div class=\"elementor-element elementor-element-c60d431 e-con-full e-flex e-con e-child\" data-id=\"c60d431\" data-element_type=\"container\" data-e-type=\"container\">\n\t\t\t\t<div class=\"elementor-element elementor-element-d1d129f elementor-widget elementor-widget-image\" data-id=\"d1d129f\" data-element_type=\"widget\" data-e-type=\"widget\" data-widget_type=\"image.default\">\n\t\t\t\t\t\t\t\t\t\t\t\t\t\t\t<img loading=\"lazy\" decoding=\"async\" width=\"252\" height=\"252\" src=\"https:\/\/dubacris.com\/wp-content\/uploads\/2026\/03\/Configuraciones_Pagina_23.jpg\" class=\"attachment-large size-large wp-image-1924\" alt=\"\" srcset=\"https:\/\/dubacris.com\/wp-content\/uploads\/2026\/03\/Configuraciones_Pagina_23.jpg 252w, https:\/\/dubacris.com\/wp-content\/uploads\/2026\/03\/Configuraciones_Pagina_23-150x150.jpg 150w\" sizes=\"(max-width: 252px) 100vw, 252px\" \/>\t\t\t\t\t\t\t\t\t\t\t\t\t\t\t<\/div>\n\t\t\t\t<\/div>\n\t\t<div class=\"elementor-element elementor-element-68bd01b e-con-full e-flex e-con e-child\" data-id=\"68bd01b\" data-element_type=\"container\" data-e-type=\"container\">\n\t\t\t\t<div class=\"elementor-element elementor-element-de4bb18 elementor-widget elementor-widget-heading\" data-id=\"de4bb18\" data-element_type=\"widget\" data-e-type=\"widget\" data-widget_type=\"heading.default\">\n\t\t\t\t\t<h4 class=\"elementor-heading-title elementor-size-default\">F<\/h4>\t\t\t\t<\/div>\n\t\t\t\t<\/div>\n\t\t\t\t<\/div>\n\t\t\t\t<\/div>\n\t\t<div class=\"elementor-element elementor-element-3a18efe e-con-full e-flex e-con e-child\" data-id=\"3a18efe\" data-element_type=\"container\" data-e-type=\"container\">\n\t\t\t\t<\/div>\n\t\t\t\t<\/div>\n\t\t\t\t<\/div>\n\t\t<div class=\"elementor-element elementor-element-63af417 e-con-full e-flex e-con e-child\" data-id=\"63af417\" data-element_type=\"container\" data-e-type=\"container\">\n\t\t\t\t<div class=\"elementor-element elementor-element-132636a elementor-widget elementor-widget-text-editor\" data-id=\"132636a\" data-element_type=\"widget\" data-e-type=\"widget\" data-widget_type=\"text-editor.default\">\n\t\t\t\t\t\t\t\t\t\t\t<div data-elementor-type=\"container\" data-elementor-id=\"1998\" class=\"elementor elementor-1998 elementor-1460 elementor-1460\" data-elementor-post-type=\"elementor_library\">\n\t\t\t\t<div class=\"elementor-element elementor-element-ae381dc e-con-full e-flex e-con e-child\" data-id=\"ae381dc\" data-element_type=\"container\" data-e-type=\"container\">\n\t\t\t\t<div class=\"elementor-element elementor-element-fcd100b elementor-widget elementor-widget-text-editor\" data-id=\"fcd100b\" data-element_type=\"widget\" data-e-type=\"widget\" data-widget_type=\"text-editor.default\">\n\t\t\t\t\t\t\t\t\t<p><a href=\"#pop-up-leyendas\">&gt; Cliquez ici pour lire la l\u00e9gende compl\u00e8te.<\/a><\/p>\t\t\t\t\t\t\t\t<\/div>\n\t\t\t\t<\/div>\n\t\t\t\t<\/div>\n\t\t\t\t\t\t\t\t\t\t<\/div>\n\t\t\t\t<\/div>\n\t\t<div class=\"elementor-element elementor-element-7f9950fa e-con-full e-flex e-con e-child\" data-id=\"7f9950fa\" data-element_type=\"container\" data-e-type=\"container\">\n\t\t\t\t<div class=\"elementor-element elementor-element-59884498 elementor-align-justify elementor-widget__width-initial elementor-widget elementor-widget-button\" data-id=\"59884498\" data-element_type=\"widget\" data-e-type=\"widget\" data-widget_type=\"button.default\">\n\t\t\t\t\t\t\t\t\t\t<a class=\"elementor-button elementor-button-link elementor-size-sm\" href=\"https:\/\/wa.me\/34697433692\">\n\t\t\t\t\t\t<span class=\"elementor-button-content-wrapper\">\n\t\t\t\t\t\t<span class=\"elementor-button-icon\">\n\t\t\t\t<svg aria-hidden=\"true\" class=\"e-font-icon-svg e-fab-whatsapp\" viewBox=\"0 0 448 512\" xmlns=\"http:\/\/www.w3.org\/2000\/svg\"><path d=\"M380.9 97.1C339 55.1 283.2 32 223.9 32c-122.4 0-222 99.6-222 222 0 39.1 10.2 77.3 29.6 111L0 480l117.7-30.9c32.4 17.7 68.9 27 106.1 27h.1c122.3 0 224.1-99.6 224.1-222 0-59.3-25.2-115-67.1-157zm-157 341.6c-33.2 0-65.7-8.9-94-25.7l-6.7-4-69.8 18.3L72 359.2l-4.4-7c-18.5-29.4-28.2-63.3-28.2-98.2 0-101.7 82.8-184.5 184.6-184.5 49.3 0 95.6 19.2 130.4 54.1 34.8 34.9 56.2 81.2 56.1 130.5 0 101.8-84.9 184.6-186.6 184.6zm101.2-138.2c-5.5-2.8-32.8-16.2-37.9-18-5.1-1.9-8.8-2.8-12.5 2.8-3.7 5.6-14.3 18-17.6 21.8-3.2 3.7-6.5 4.2-12 1.4-32.6-16.3-54-29.1-75.5-66-5.7-9.8 5.7-9.1 16.3-30.3 1.8-3.7.9-6.9-.5-9.7-1.4-2.8-12.5-30.1-17.1-41.2-4.5-10.8-9.1-9.3-12.5-9.5-3.2-.2-6.9-.2-10.6-.2-3.7 0-9.7 1.4-14.8 6.9-5.1 5.6-19.4 19-19.4 46.3 0 27.3 19.9 53.7 22.6 57.4 2.8 3.7 39.1 59.7 94.8 83.8 35.2 15.2 49 16.5 66.6 13.9 10.7-1.6 32.8-13.4 37.4-26.4 4.6-13 4.6-24.1 3.2-26.4-1.3-2.5-5-3.9-10.5-6.6z\"><\/path><\/svg>\t\t\t<\/span>\n\t\t\t\t\t\t\t\t\t<span class=\"elementor-button-text\">Commander via WhatsApp<\/span>\n\t\t\t\t\t<\/span>\n\t\t\t\t\t<\/a>\n\t\t\t\t\t\t\t\t<\/div>\n\t\t\t\t<\/div>\n\t\t\t\t<\/div>\n\t\t\t\t\t<\/div>\n\t\t\t\t<\/div>\n\t\t\t\t<\/div>\n\t\t","protected":false},"excerpt":{"rendered":"<p>Parois de douche fixes Fixe Pamir Fixe Pamir La paroi de douche fixe Pamir, inspir\u00e9e par la puret\u00e9 des plus hauts sommets d\u2019Asie, repr\u00e9sente l\u2019expression maximale du design minimaliste. Son syst\u00e8me exclusif de barre de renfort en \u00e9querre avec visserie dissimul\u00e9e \u00e9limine la n\u00e9cessit\u00e9 d\u2019un tirant transversal, cr\u00e9ant une sensation d\u2019espace ouvert et de continuit\u00e9 [&hellip;]<\/p>\n","protected":false},"author":1,"featured_media":0,"parent":0,"menu_order":0,"comment_status":"closed","ping_status":"closed","template":"","meta":{"_joinchat":[],"footnotes":""},"class_list":["post-2028","page","type-page","status-publish","hentry"],"yoast_head":"<!-- This site is optimized with the Yoast SEO Premium plugin v27.2 (Yoast SEO v27.3) - https:\/\/yoast.com\/product\/yoast-seo-premium-wordpress\/ -->\n<title>Fixe Pamir - Dubacris<\/title>\n<meta name=\"robots\" content=\"index, follow, max-snippet:-1, max-image-preview:large, max-video-preview:-1\" \/>\n<link rel=\"canonical\" href=\"https:\/\/dubacris.com\/fr\/fixe-pamir\/\" \/>\n<meta property=\"og:locale\" content=\"fr_FR\" \/>\n<meta property=\"og:type\" content=\"article\" \/>\n<meta property=\"og:title\" content=\"Fixe Pamir\" \/>\n<meta property=\"og:description\" content=\"Parois de douche fixes Fixe Pamir Fixe Pamir La paroi de douche fixe Pamir, inspir\u00e9e par la puret\u00e9 des plus hauts sommets d\u2019Asie, repr\u00e9sente l\u2019expression maximale du design minimaliste. Son syst\u00e8me exclusif de barre de renfort en \u00e9querre avec visserie dissimul\u00e9e \u00e9limine la n\u00e9cessit\u00e9 d\u2019un tirant transversal, cr\u00e9ant une sensation d\u2019espace ouvert et de continuit\u00e9 [&hellip;]\" \/>\n<meta property=\"og:url\" content=\"https:\/\/dubacris.com\/fr\/fixe-pamir\/\" \/>\n<meta property=\"og:site_name\" content=\"Dubacris\" \/>\n<meta property=\"article:modified_time\" content=\"2026-04-21T08:22:15+00:00\" \/>\n<meta property=\"og:image\" content=\"https:\/\/dubacris.com\/wp-content\/uploads\/2026\/03\/image-21.png\" \/>\n\t<meta property=\"og:image:width\" content=\"199\" \/>\n\t<meta property=\"og:image:height\" content=\"203\" \/>\n\t<meta property=\"og:image:type\" content=\"image\/png\" \/>\n<meta name=\"twitter:card\" content=\"summary_large_image\" \/>\n<meta name=\"twitter:label1\" content=\"Dur\u00e9e de lecture estim\u00e9e\" \/>\n\t<meta name=\"twitter:data1\" content=\"1 minute\" \/>\n<script type=\"application\/ld+json\" class=\"yoast-schema-graph\">{\"@context\":\"https:\\\/\\\/schema.org\",\"@graph\":[{\"@type\":\"WebPage\",\"@id\":\"https:\\\/\\\/dubacris.com\\\/fr\\\/fixe-pamir\\\/\",\"url\":\"https:\\\/\\\/dubacris.com\\\/fr\\\/fixe-pamir\\\/\",\"name\":\"Fixe Pamir - Dubacris\",\"isPartOf\":{\"@id\":\"https:\\\/\\\/dubacris.com\\\/#website\"},\"primaryImageOfPage\":{\"@id\":\"https:\\\/\\\/dubacris.com\\\/fr\\\/fixe-pamir\\\/#primaryimage\"},\"image\":{\"@id\":\"https:\\\/\\\/dubacris.com\\\/fr\\\/fixe-pamir\\\/#primaryimage\"},\"thumbnailUrl\":\"https:\\\/\\\/dubacris.com\\\/wp-content\\\/uploads\\\/2026\\\/03\\\/image-21.png\",\"datePublished\":\"2026-03-06T12:20:39+00:00\",\"dateModified\":\"2026-04-21T08:22:15+00:00\",\"breadcrumb\":{\"@id\":\"https:\\\/\\\/dubacris.com\\\/fr\\\/fixe-pamir\\\/#breadcrumb\"},\"inLanguage\":\"fr-FR\",\"potentialAction\":[{\"@type\":\"ReadAction\",\"target\":[\"https:\\\/\\\/dubacris.com\\\/fr\\\/fixe-pamir\\\/\"]}]},{\"@type\":\"ImageObject\",\"inLanguage\":\"fr-FR\",\"@id\":\"https:\\\/\\\/dubacris.com\\\/fr\\\/fixe-pamir\\\/#primaryimage\",\"url\":\"https:\\\/\\\/dubacris.com\\\/wp-content\\\/uploads\\\/2026\\\/03\\\/image-21.png\",\"contentUrl\":\"https:\\\/\\\/dubacris.com\\\/wp-content\\\/uploads\\\/2026\\\/03\\\/image-21.png\"},{\"@type\":\"BreadcrumbList\",\"@id\":\"https:\\\/\\\/dubacris.com\\\/fr\\\/fixe-pamir\\\/#breadcrumb\",\"itemListElement\":[{\"@type\":\"ListItem\",\"position\":1,\"name\":\"Portada\",\"item\":\"https:\\\/\\\/dubacris.com\\\/\"},{\"@type\":\"ListItem\",\"position\":2,\"name\":\"Fixe Pamir\"}]},{\"@type\":\"WebSite\",\"@id\":\"https:\\\/\\\/dubacris.com\\\/#website\",\"url\":\"https:\\\/\\\/dubacris.com\\\/\",\"name\":\"Dubacris\",\"description\":\"Fabricante de Mamparas y Herrajes para Vidrio\",\"publisher\":{\"@id\":\"https:\\\/\\\/dubacris.com\\\/#organization\"},\"potentialAction\":[{\"@type\":\"SearchAction\",\"target\":{\"@type\":\"EntryPoint\",\"urlTemplate\":\"https:\\\/\\\/dubacris.com\\\/?s={search_term_string}\"},\"query-input\":{\"@type\":\"PropertyValueSpecification\",\"valueRequired\":true,\"valueName\":\"search_term_string\"}}],\"inLanguage\":\"fr-FR\"},{\"@type\":\"Organization\",\"@id\":\"https:\\\/\\\/dubacris.com\\\/#organization\",\"name\":\"Dubacris\",\"url\":\"https:\\\/\\\/dubacris.com\\\/\",\"logo\":{\"@type\":\"ImageObject\",\"inLanguage\":\"fr-FR\",\"@id\":\"https:\\\/\\\/dubacris.com\\\/#\\\/schema\\\/logo\\\/image\\\/\",\"url\":\"https:\\\/\\\/dubacris.com\\\/wp-content\\\/uploads\\\/2026\\\/02\\\/Dubacris-03.png\",\"contentUrl\":\"https:\\\/\\\/dubacris.com\\\/wp-content\\\/uploads\\\/2026\\\/02\\\/Dubacris-03.png\",\"width\":1755,\"height\":1241,\"caption\":\"Dubacris\"},\"image\":{\"@id\":\"https:\\\/\\\/dubacris.com\\\/#\\\/schema\\\/logo\\\/image\\\/\"}}]}<\/script>\n<!-- \/ Yoast SEO Premium plugin. -->","yoast_head_json":{"title":"Fixe Pamir - Dubacris","robots":{"index":"index","follow":"follow","max-snippet":"max-snippet:-1","max-image-preview":"max-image-preview:large","max-video-preview":"max-video-preview:-1"},"canonical":"https:\/\/dubacris.com\/fr\/fixe-pamir\/","og_locale":"fr_FR","og_type":"article","og_title":"Fixe Pamir","og_description":"Parois de douche fixes Fixe Pamir Fixe Pamir La paroi de douche fixe Pamir, inspir\u00e9e par la puret\u00e9 des plus hauts sommets d\u2019Asie, repr\u00e9sente l\u2019expression maximale du design minimaliste. Son syst\u00e8me exclusif de barre de renfort en \u00e9querre avec visserie dissimul\u00e9e \u00e9limine la n\u00e9cessit\u00e9 d\u2019un tirant transversal, cr\u00e9ant une sensation d\u2019espace ouvert et de continuit\u00e9 [&hellip;]","og_url":"https:\/\/dubacris.com\/fr\/fixe-pamir\/","og_site_name":"Dubacris","article_modified_time":"2026-04-21T08:22:15+00:00","og_image":[{"width":199,"height":203,"url":"https:\/\/dubacris.com\/wp-content\/uploads\/2026\/03\/image-21.png","type":"image\/png"}],"twitter_card":"summary_large_image","twitter_misc":{"Dur\u00e9e de lecture estim\u00e9e":"1 minute"},"schema":{"@context":"https:\/\/schema.org","@graph":[{"@type":"WebPage","@id":"https:\/\/dubacris.com\/fr\/fixe-pamir\/","url":"https:\/\/dubacris.com\/fr\/fixe-pamir\/","name":"Fixe Pamir - Dubacris","isPartOf":{"@id":"https:\/\/dubacris.com\/#website"},"primaryImageOfPage":{"@id":"https:\/\/dubacris.com\/fr\/fixe-pamir\/#primaryimage"},"image":{"@id":"https:\/\/dubacris.com\/fr\/fixe-pamir\/#primaryimage"},"thumbnailUrl":"https:\/\/dubacris.com\/wp-content\/uploads\/2026\/03\/image-21.png","datePublished":"2026-03-06T12:20:39+00:00","dateModified":"2026-04-21T08:22:15+00:00","breadcrumb":{"@id":"https:\/\/dubacris.com\/fr\/fixe-pamir\/#breadcrumb"},"inLanguage":"fr-FR","potentialAction":[{"@type":"ReadAction","target":["https:\/\/dubacris.com\/fr\/fixe-pamir\/"]}]},{"@type":"ImageObject","inLanguage":"fr-FR","@id":"https:\/\/dubacris.com\/fr\/fixe-pamir\/#primaryimage","url":"https:\/\/dubacris.com\/wp-content\/uploads\/2026\/03\/image-21.png","contentUrl":"https:\/\/dubacris.com\/wp-content\/uploads\/2026\/03\/image-21.png"},{"@type":"BreadcrumbList","@id":"https:\/\/dubacris.com\/fr\/fixe-pamir\/#breadcrumb","itemListElement":[{"@type":"ListItem","position":1,"name":"Portada","item":"https:\/\/dubacris.com\/"},{"@type":"ListItem","position":2,"name":"Fixe Pamir"}]},{"@type":"WebSite","@id":"https:\/\/dubacris.com\/#website","url":"https:\/\/dubacris.com\/","name":"Dubacris","description":"Fabricante de Mamparas y Herrajes para Vidrio","publisher":{"@id":"https:\/\/dubacris.com\/#organization"},"potentialAction":[{"@type":"SearchAction","target":{"@type":"EntryPoint","urlTemplate":"https:\/\/dubacris.com\/?s={search_term_string}"},"query-input":{"@type":"PropertyValueSpecification","valueRequired":true,"valueName":"search_term_string"}}],"inLanguage":"fr-FR"},{"@type":"Organization","@id":"https:\/\/dubacris.com\/#organization","name":"Dubacris","url":"https:\/\/dubacris.com\/","logo":{"@type":"ImageObject","inLanguage":"fr-FR","@id":"https:\/\/dubacris.com\/#\/schema\/logo\/image\/","url":"https:\/\/dubacris.com\/wp-content\/uploads\/2026\/02\/Dubacris-03.png","contentUrl":"https:\/\/dubacris.com\/wp-content\/uploads\/2026\/02\/Dubacris-03.png","width":1755,"height":1241,"caption":"Dubacris"},"image":{"@id":"https:\/\/dubacris.com\/#\/schema\/logo\/image\/"}}]}},"_links":{"self":[{"href":"https:\/\/dubacris.com\/fr\/wp-json\/wp\/v2\/pages\/2028","targetHints":{"allow":["GET"]}}],"collection":[{"href":"https:\/\/dubacris.com\/fr\/wp-json\/wp\/v2\/pages"}],"about":[{"href":"https:\/\/dubacris.com\/fr\/wp-json\/wp\/v2\/types\/page"}],"author":[{"embeddable":true,"href":"https:\/\/dubacris.com\/fr\/wp-json\/wp\/v2\/users\/1"}],"replies":[{"embeddable":true,"href":"https:\/\/dubacris.com\/fr\/wp-json\/wp\/v2\/comments?post=2028"}],"version-history":[{"count":1,"href":"https:\/\/dubacris.com\/fr\/wp-json\/wp\/v2\/pages\/2028\/revisions"}],"predecessor-version":[{"id":2029,"href":"https:\/\/dubacris.com\/fr\/wp-json\/wp\/v2\/pages\/2028\/revisions\/2029"}],"wp:attachment":[{"href":"https:\/\/dubacris.com\/fr\/wp-json\/wp\/v2\/media?parent=2028"}],"curies":[{"name":"wp","href":"https:\/\/api.w.org\/{rel}","templated":true}]}}