{"id":2004,"date":"2026-03-20T20:36:53","date_gmt":"2026-03-20T18:36:53","guid":{"rendered":"https:\/\/dubacris.com\/mentions-legales\/"},"modified":"2026-04-28T12:57:43","modified_gmt":"2026-04-28T10:57:43","slug":"mentions-legales","status":"publish","type":"page","link":"https:\/\/dubacris.com\/fr\/mentions-legales\/","title":{"rendered":"Mentions l\u00e9gales"},"content":{"rendered":"<section class=\"aviso-legal\">Conform\u00e9ment \u00e0 l\u2019article 10 de la Loi 34\/2002 du 11 juillet relative aux services de la soci\u00e9t\u00e9 de l\u2019information et au commerce \u00e9lectronique, nous mettons \u00e0 votre disposition les informations suivantes: <strong>DUBACRIS Herraje para Templado, S.L.<\/strong> (ci-apr\u00e8s, <strong>DUBACRIS\u00ae<\/strong>) est domicili\u00e9e \u00e0 <strong>C\/ Qu\u00edmicas 17 \u2013 Polg. Ind. Urtinsa II, 28923 Alcorc\u00f3n (Madrid)<\/strong>, avec le <strong>NIF B86913084<\/strong>, et inscrite au Registre du Commerce de Madrid, Tome 31831, Livre 0, Folio 190, Section 8, Feuille M-572834, Inscription 1.Sur le site web <strong>www.dubacris.com<\/strong>, vous trouverez une s\u00e9rie de contenus relatifs \u00e0 notre activit\u00e9 et \u00e0 nos produits. Nous sommes fabricants de parois de douche, portes de passage, fermetures et projets d\u2019am\u00e9nagement int\u00e9rieur en verre de haute s\u00e9curit\u00e9, ainsi que de ferrures pour verre tremp\u00e9.<\/p>\n<p>Nous disposons de notre propre personnel technique pour les installations, compos\u00e9 de professionnels ayant de nombreuses ann\u00e9es d\u2019exp\u00e9rience.<\/p>\n<h2>Conditions d\u2019utilisation<\/h2>\n<p>Les conditions d\u2019acc\u00e8s et d\u2019utilisation du pr\u00e9sent site web sont r\u00e9gies par la l\u00e9gislation en vigueur et par le principe de bonne foi, l\u2019utilisateur s\u2019engageant \u00e0 faire un bon usage du site. Les comportements contraires \u00e0 la loi, aux droits ou aux int\u00e9r\u00eats de tiers ne sont pas autoris\u00e9s.<\/p>\n<p>Le fait d\u2019\u00eatre utilisateur du site <strong>www.dubacris.com<\/strong> implique que vous reconnaissez avoir lu et accept\u00e9 les pr\u00e9sentes conditions ainsi que tout ce qui en d\u00e9coule conform\u00e9ment \u00e0 la r\u00e9glementation applicable en la mati\u00e8re. Si, pour quelque raison que ce soit, vous n\u2019\u00eates pas d\u2019accord avec ces conditions, veuillez ne pas continuer \u00e0 utiliser ce site.<\/p>\n<p>Toute notification et\/ou r\u00e9clamation ne sera valable que si elle est effectu\u00e9e par \u00e9crit et\/ou par courrier recommand\u00e9.<\/p>\n<h2>Responsabilit\u00e9s<\/h2>\n<p><strong>DUBACRIS\u00ae<\/strong> ne saurait \u00eatre tenue responsable des informations et contenus stock\u00e9s dans des forums, r\u00e9seaux sociaux ou tout autre support permettant \u00e0 des tiers de publier des contenus de mani\u00e8re ind\u00e9pendante sur le site du prestataire.<\/p>\n<p>Toutefois, conform\u00e9ment aux articles 11 et 16 de la LSSI-CE, <strong>DUBACRIS Herraje para Templado, S.L.<\/strong> s\u2019engage \u00e0 retirer ou, le cas \u00e9ch\u00e9ant, \u00e0 bloquer les contenus susceptibles de porter atteinte ou de contrevenir \u00e0 la l\u00e9gislation nationale ou internationale, aux droits de tiers ou \u00e0 la morale et \u00e0 l\u2019ordre public.<\/p>\n<p>La soci\u00e9t\u00e9 ne pourra pas non plus \u00eatre tenue responsable des dommages r\u00e9sultant de d\u00e9faillances ou de mauvaises configurations du logiciel install\u00e9 sur l\u2019ordinateur de l\u2019utilisateur. Toute responsabilit\u00e9 est exclue en cas d\u2019incident technique ou de d\u00e9faillance survenant lors de la connexion \u00e0 Internet. De m\u00eame, l\u2019absence d\u2019interruptions ou d\u2019erreurs dans l\u2019acc\u00e8s au site web n\u2019est pas garantie.<\/p>\n<p>Par ailleurs, <strong>DUBACRIS\u00ae<\/strong> se r\u00e9serve le droit de mettre \u00e0 jour, modifier ou supprimer les informations contenues sur son site web, ainsi que sa configuration ou sa pr\u00e9sentation, \u00e0 tout moment, sans que cela n\u2019engage sa responsabilit\u00e9.<\/p>\n<p>Nous vous informons que tout prix affich\u00e9 sur notre site web est donn\u00e9 \u00e0 titre indicatif uniquement. Si l\u2019utilisateur souhaite conna\u00eetre le prix exact ou savoir si le produit b\u00e9n\u00e9ficie d\u2019une offre particuli\u00e8re \u00e0 un moment donn\u00e9, il doit se rendre dans l\u2019un des points de vente physiques de <strong>DUBACRIS\u00ae<\/strong>.<\/p>\n<h2>Propri\u00e9t\u00e9 intellectuelle et industrielle<\/h2>\n<p><strong>DUBACRIS\u00ae<\/strong> est titulaire de tous les droits relatifs au logiciel de la publication num\u00e9rique, ainsi que des droits de propri\u00e9t\u00e9 industrielle et intellectuelle concernant les contenus qui y sont inclus, \u00e0 l\u2019exception des droits sur des produits et services \u00e0 caract\u00e8re public qui ne sont pas la propri\u00e9t\u00e9 de cette entreprise.<\/p>\n<p>Aucun mat\u00e9riel publi\u00e9 sur ce site web ne pourra \u00eatre reproduit, copi\u00e9 ou diffus\u00e9 sans le consentement \u00e9crit de <strong>DUBACRIS\u00ae.<\/strong><\/p>\n<p>Toute information re\u00e7ue sur le site web, telle que commentaires, suggestions ou id\u00e9es, sera consid\u00e9r\u00e9e comme c\u00e9d\u00e9e \u00e0 <strong>DUBACRIS\u00ae<\/strong> \u00e0 titre gratuit. Il ne convient pas d\u2019envoyer des informations qui <strong>NE peuvent PAS<\/strong> \u00eatre trait\u00e9es de cette mani\u00e8re.<\/p>\n<p>Tous les produits et services figurant sur ces pages et qui <strong>NE sont PAS<\/strong> la propri\u00e9t\u00e9 de<strong> DUBACRIS\u00ae<\/strong> sont des marques d\u00e9pos\u00e9es de leurs propri\u00e9taires respectifs et sont reconnus comme tels par notre entreprise. Ils apparaissent sur le site de <strong>DUBACRIS\u00ae<\/strong> uniquement \u00e0 des fins de promotion et de collecte d\u2019informations. Ces propri\u00e9taires peuvent demander la modification ou la suppression des informations qui leur appartiennent.<\/p>\n<h2>Droit applicable et juridiction<\/h2>\n<p>Les pr\u00e9sentes conditions g\u00e9n\u00e9rales sont r\u00e9gies par la l\u00e9gislation espagnole. Pour tout litige pouvant survenir en relation avec le site web ou l\u2019activit\u00e9 qui y est d\u00e9velopp\u00e9e, les juridictions comp\u00e9tentes seront les tribunaux de Madrid-Capitale, l\u2019utilisateur renon\u00e7ant express\u00e9ment \u00e0 toute autre juridiction qui pourrait lui correspondre.<\/p>\n<\/section>\n","protected":false},"excerpt":{"rendered":"<p>Conform\u00e9ment \u00e0 l\u2019article 10 de la Loi 34\/2002 du 11 juillet relative aux services de la soci\u00e9t\u00e9 de l\u2019information et au commerce \u00e9lectronique, nous mettons \u00e0 votre disposition les informations suivantes: DUBACRIS Herraje para Templado, S.L. (ci-apr\u00e8s, DUBACRIS\u00ae) est domicili\u00e9e \u00e0 C\/ Qu\u00edmicas 17 \u2013 Polg. Ind. Urtinsa II, 28923 Alcorc\u00f3n (Madrid), avec le NIF [&hellip;]<\/p>\n","protected":false},"author":1,"featured_media":0,"parent":0,"menu_order":0,"comment_status":"closed","ping_status":"closed","template":"","meta":{"_joinchat":[],"footnotes":""},"class_list":["post-2004","page","type-page","status-publish","hentry"],"yoast_head":"<!-- This site is optimized with the Yoast SEO Premium plugin v27.2 (Yoast SEO v27.3) - https:\/\/yoast.com\/product\/yoast-seo-premium-wordpress\/ -->\n<title>Mentions l\u00e9gales - Dubacris<\/title>\n<meta name=\"robots\" content=\"index, follow, max-snippet:-1, max-image-preview:large, max-video-preview:-1\" \/>\n<link rel=\"canonical\" href=\"https:\/\/dubacris.com\/fr\/mentions-legales\/\" \/>\n<meta property=\"og:locale\" content=\"fr_FR\" \/>\n<meta property=\"og:type\" content=\"article\" \/>\n<meta property=\"og:title\" content=\"Mentions l\u00e9gales\" \/>\n<meta property=\"og:description\" content=\"Conform\u00e9ment \u00e0 l\u2019article 10 de la Loi 34\/2002 du 11 juillet relative aux services de la soci\u00e9t\u00e9 de l\u2019information et au commerce \u00e9lectronique, nous mettons \u00e0 votre disposition les informations suivantes: DUBACRIS Herraje para Templado, S.L. (ci-apr\u00e8s, DUBACRIS\u00ae) est domicili\u00e9e \u00e0 C\/ Qu\u00edmicas 17 \u2013 Polg. Ind. Urtinsa II, 28923 Alcorc\u00f3n (Madrid), avec le NIF [&hellip;]\" \/>\n<meta property=\"og:url\" content=\"https:\/\/dubacris.com\/fr\/mentions-legales\/\" \/>\n<meta property=\"og:site_name\" content=\"Dubacris\" \/>\n<meta property=\"article:modified_time\" content=\"2026-04-28T10:57:43+00:00\" \/>\n<meta name=\"twitter:card\" content=\"summary_large_image\" \/>\n<meta name=\"twitter:label1\" content=\"Dur\u00e9e de lecture estim\u00e9e\" \/>\n\t<meta name=\"twitter:data1\" content=\"4 minutes\" \/>\n<script type=\"application\/ld+json\" class=\"yoast-schema-graph\">{\"@context\":\"https:\\\/\\\/schema.org\",\"@graph\":[{\"@type\":\"WebPage\",\"@id\":\"https:\\\/\\\/dubacris.com\\\/fr\\\/mentions-legales\\\/\",\"url\":\"https:\\\/\\\/dubacris.com\\\/fr\\\/mentions-legales\\\/\",\"name\":\"Mentions l\u00e9gales - Dubacris\",\"isPartOf\":{\"@id\":\"https:\\\/\\\/dubacris.com\\\/#website\"},\"datePublished\":\"2026-03-20T18:36:53+00:00\",\"dateModified\":\"2026-04-28T10:57:43+00:00\",\"breadcrumb\":{\"@id\":\"https:\\\/\\\/dubacris.com\\\/fr\\\/mentions-legales\\\/#breadcrumb\"},\"inLanguage\":\"fr-FR\",\"potentialAction\":[{\"@type\":\"ReadAction\",\"target\":[\"https:\\\/\\\/dubacris.com\\\/fr\\\/mentions-legales\\\/\"]}]},{\"@type\":\"BreadcrumbList\",\"@id\":\"https:\\\/\\\/dubacris.com\\\/fr\\\/mentions-legales\\\/#breadcrumb\",\"itemListElement\":[{\"@type\":\"ListItem\",\"position\":1,\"name\":\"Portada\",\"item\":\"https:\\\/\\\/dubacris.com\\\/\"},{\"@type\":\"ListItem\",\"position\":2,\"name\":\"Mentions l\u00e9gales\"}]},{\"@type\":\"WebSite\",\"@id\":\"https:\\\/\\\/dubacris.com\\\/#website\",\"url\":\"https:\\\/\\\/dubacris.com\\\/\",\"name\":\"Dubacris\",\"description\":\"Fabricante de Mamparas y Herrajes para Vidrio\",\"publisher\":{\"@id\":\"https:\\\/\\\/dubacris.com\\\/#organization\"},\"potentialAction\":[{\"@type\":\"SearchAction\",\"target\":{\"@type\":\"EntryPoint\",\"urlTemplate\":\"https:\\\/\\\/dubacris.com\\\/?s={search_term_string}\"},\"query-input\":{\"@type\":\"PropertyValueSpecification\",\"valueRequired\":true,\"valueName\":\"search_term_string\"}}],\"inLanguage\":\"fr-FR\"},{\"@type\":\"Organization\",\"@id\":\"https:\\\/\\\/dubacris.com\\\/#organization\",\"name\":\"Dubacris\",\"url\":\"https:\\\/\\\/dubacris.com\\\/\",\"logo\":{\"@type\":\"ImageObject\",\"inLanguage\":\"fr-FR\",\"@id\":\"https:\\\/\\\/dubacris.com\\\/#\\\/schema\\\/logo\\\/image\\\/\",\"url\":\"https:\\\/\\\/dubacris.com\\\/wp-content\\\/uploads\\\/2026\\\/02\\\/Dubacris-03.png\",\"contentUrl\":\"https:\\\/\\\/dubacris.com\\\/wp-content\\\/uploads\\\/2026\\\/02\\\/Dubacris-03.png\",\"width\":1755,\"height\":1241,\"caption\":\"Dubacris\"},\"image\":{\"@id\":\"https:\\\/\\\/dubacris.com\\\/#\\\/schema\\\/logo\\\/image\\\/\"}}]}<\/script>\n<!-- \/ Yoast SEO Premium plugin. -->","yoast_head_json":{"title":"Mentions l\u00e9gales - Dubacris","robots":{"index":"index","follow":"follow","max-snippet":"max-snippet:-1","max-image-preview":"max-image-preview:large","max-video-preview":"max-video-preview:-1"},"canonical":"https:\/\/dubacris.com\/fr\/mentions-legales\/","og_locale":"fr_FR","og_type":"article","og_title":"Mentions l\u00e9gales","og_description":"Conform\u00e9ment \u00e0 l\u2019article 10 de la Loi 34\/2002 du 11 juillet relative aux services de la soci\u00e9t\u00e9 de l\u2019information et au commerce \u00e9lectronique, nous mettons \u00e0 votre disposition les informations suivantes: DUBACRIS Herraje para Templado, S.L. (ci-apr\u00e8s, DUBACRIS\u00ae) est domicili\u00e9e \u00e0 C\/ Qu\u00edmicas 17 \u2013 Polg. Ind. Urtinsa II, 28923 Alcorc\u00f3n (Madrid), avec le NIF [&hellip;]","og_url":"https:\/\/dubacris.com\/fr\/mentions-legales\/","og_site_name":"Dubacris","article_modified_time":"2026-04-28T10:57:43+00:00","twitter_card":"summary_large_image","twitter_misc":{"Dur\u00e9e de lecture estim\u00e9e":"4 minutes"},"schema":{"@context":"https:\/\/schema.org","@graph":[{"@type":"WebPage","@id":"https:\/\/dubacris.com\/fr\/mentions-legales\/","url":"https:\/\/dubacris.com\/fr\/mentions-legales\/","name":"Mentions l\u00e9gales - Dubacris","isPartOf":{"@id":"https:\/\/dubacris.com\/#website"},"datePublished":"2026-03-20T18:36:53+00:00","dateModified":"2026-04-28T10:57:43+00:00","breadcrumb":{"@id":"https:\/\/dubacris.com\/fr\/mentions-legales\/#breadcrumb"},"inLanguage":"fr-FR","potentialAction":[{"@type":"ReadAction","target":["https:\/\/dubacris.com\/fr\/mentions-legales\/"]}]},{"@type":"BreadcrumbList","@id":"https:\/\/dubacris.com\/fr\/mentions-legales\/#breadcrumb","itemListElement":[{"@type":"ListItem","position":1,"name":"Portada","item":"https:\/\/dubacris.com\/"},{"@type":"ListItem","position":2,"name":"Mentions l\u00e9gales"}]},{"@type":"WebSite","@id":"https:\/\/dubacris.com\/#website","url":"https:\/\/dubacris.com\/","name":"Dubacris","description":"Fabricante de Mamparas y Herrajes para Vidrio","publisher":{"@id":"https:\/\/dubacris.com\/#organization"},"potentialAction":[{"@type":"SearchAction","target":{"@type":"EntryPoint","urlTemplate":"https:\/\/dubacris.com\/?s={search_term_string}"},"query-input":{"@type":"PropertyValueSpecification","valueRequired":true,"valueName":"search_term_string"}}],"inLanguage":"fr-FR"},{"@type":"Organization","@id":"https:\/\/dubacris.com\/#organization","name":"Dubacris","url":"https:\/\/dubacris.com\/","logo":{"@type":"ImageObject","inLanguage":"fr-FR","@id":"https:\/\/dubacris.com\/#\/schema\/logo\/image\/","url":"https:\/\/dubacris.com\/wp-content\/uploads\/2026\/02\/Dubacris-03.png","contentUrl":"https:\/\/dubacris.com\/wp-content\/uploads\/2026\/02\/Dubacris-03.png","width":1755,"height":1241,"caption":"Dubacris"},"image":{"@id":"https:\/\/dubacris.com\/#\/schema\/logo\/image\/"}}]}},"_links":{"self":[{"href":"https:\/\/dubacris.com\/fr\/wp-json\/wp\/v2\/pages\/2004","targetHints":{"allow":["GET"]}}],"collection":[{"href":"https:\/\/dubacris.com\/fr\/wp-json\/wp\/v2\/pages"}],"about":[{"href":"https:\/\/dubacris.com\/fr\/wp-json\/wp\/v2\/types\/page"}],"author":[{"embeddable":true,"href":"https:\/\/dubacris.com\/fr\/wp-json\/wp\/v2\/users\/1"}],"replies":[{"embeddable":true,"href":"https:\/\/dubacris.com\/fr\/wp-json\/wp\/v2\/comments?post=2004"}],"version-history":[{"count":1,"href":"https:\/\/dubacris.com\/fr\/wp-json\/wp\/v2\/pages\/2004\/revisions"}],"predecessor-version":[{"id":2143,"href":"https:\/\/dubacris.com\/fr\/wp-json\/wp\/v2\/pages\/2004\/revisions\/2143"}],"wp:attachment":[{"href":"https:\/\/dubacris.com\/fr\/wp-json\/wp\/v2\/media?parent=2004"}],"curies":[{"name":"wp","href":"https:\/\/api.w.org\/{rel}","templated":true}]}}