{"id":1974,"date":"2026-02-17T10:16:56","date_gmt":"2026-02-17T08:16:56","guid":{"rendered":"https:\/\/dubacris.com\/actualites\/"},"modified":"2026-04-20T09:22:24","modified_gmt":"2026-04-20T07:22:24","slug":"actualites","status":"publish","type":"page","link":"https:\/\/dubacris.com\/fr\/actualites\/","title":{"rendered":"ACTUALIT\u00c9S"},"content":{"rendered":"\t\t<div data-elementor-type=\"wp-page\" data-elementor-id=\"1974\" class=\"elementor elementor-1974 elementor-291\" data-elementor-post-type=\"page\">\n\t\t\t\t<div class=\"elementor-element elementor-element-f2ff20d e-flex e-con-boxed e-con e-parent\" data-id=\"f2ff20d\" data-element_type=\"container\" data-e-type=\"container\">\n\t\t\t\t\t<div class=\"e-con-inner\">\n\t\t\t\t<div class=\"elementor-element elementor-element-b579315 elementor-widget elementor-widget-heading\" data-id=\"b579315\" data-element_type=\"widget\" data-e-type=\"widget\" data-widget_type=\"heading.default\">\n\t\t\t\t\t<h1 class=\"elementor-heading-title elementor-size-default\">Nos <b>actualit\u00e9s<\/b><\/h1>\t\t\t\t<\/div>\n\t\t\t\t<div class=\"elementor-element elementor-element-c666761 elementor-grid-3 elementor-grid-tablet-2 elementor-grid-mobile-1 elementor-posts--thumbnail-top elementor-card-shadow-yes elementor-posts__hover-gradient elementor-widget elementor-widget-posts\" data-id=\"c666761\" data-element_type=\"widget\" data-e-type=\"widget\" data-settings=\"{&quot;cards_columns&quot;:&quot;3&quot;,&quot;cards_columns_tablet&quot;:&quot;2&quot;,&quot;cards_columns_mobile&quot;:&quot;1&quot;,&quot;cards_row_gap&quot;:{&quot;unit&quot;:&quot;px&quot;,&quot;size&quot;:35,&quot;sizes&quot;:[]},&quot;cards_row_gap_tablet&quot;:{&quot;unit&quot;:&quot;px&quot;,&quot;size&quot;:&quot;&quot;,&quot;sizes&quot;:[]},&quot;cards_row_gap_mobile&quot;:{&quot;unit&quot;:&quot;px&quot;,&quot;size&quot;:&quot;&quot;,&quot;sizes&quot;:[]}}\" data-widget_type=\"posts.cards\">\n\t\t\t\t<div class=\"elementor-widget-container\">\n\t\t\t\t\t\t\t<div class=\"elementor-posts-container elementor-posts elementor-posts--skin-cards elementor-grid\" role=\"list\">\r\n\t\t\t\t<article class=\"elementor-post elementor-grid-item post-1989 post type-post status-publish format-standard has-post-thumbnail hentry category-actualite\" role=\"listitem\">\r\n\t\t\t<div class=\"elementor-post__card\">\r\n\t\t\t\t<a class=\"elementor-post__thumbnail__link\" href=\"https:\/\/dubacris.com\/fr\/la-conception-dune-salle-de-bain-reside-dans-ce-qui-nest-pas-visible\/\" tabindex=\"-1\" ><div class=\"elementor-post__thumbnail\"><img fetchpriority=\"high\" decoding=\"async\" width=\"300\" height=\"209\" src=\"https:\/\/dubacris.com\/wp-content\/uploads\/2026\/04\/dubacris-noticia-diseno-300x209.jpg\" class=\"attachment-medium size-medium wp-image-1955\" alt=\"\" srcset=\"https:\/\/dubacris.com\/wp-content\/uploads\/2026\/04\/dubacris-noticia-diseno-300x209.jpg 300w, https:\/\/dubacris.com\/wp-content\/uploads\/2026\/04\/dubacris-noticia-diseno-1024x712.jpg 1024w, https:\/\/dubacris.com\/wp-content\/uploads\/2026\/04\/dubacris-noticia-diseno-768x534.jpg 768w, https:\/\/dubacris.com\/wp-content\/uploads\/2026\/04\/dubacris-noticia-diseno.jpg 1080w\" sizes=\"(max-width: 300px) 100vw, 300px\" \/><\/div><\/a>\r\n\t\t\t\t<div class=\"elementor-post__badge\">Actualit\u00e9<\/div>\r\n\t\t\t\t<div class=\"elementor-post__text\">\r\n\t\t\t\t<h2 class=\"elementor-post__title\">\r\n\t\t\t<a href=\"https:\/\/dubacris.com\/fr\/la-conception-dune-salle-de-bain-reside-dans-ce-qui-nest-pas-visible\/\" >\r\n\t\t\t\tLa conception d&rsquo;une salle de bain r\u00e9side dans ce qui n&rsquo;est pas visible.\t\t\t<\/a>\r\n\t\t<\/h2>\r\n\t\t\t\t<div class=\"elementor-post__excerpt\">\r\n\t\t\t<p>&nbsp; Lorsque nous pensons \u00e0 la conception d&rsquo;une salle de bain, nous avons tendance \u00e0 nous concentrer sur ce qui<\/p>\n\t\t<\/div>\r\n\t\t\r\n\t\t<a class=\"elementor-post__read-more\" href=\"https:\/\/dubacris.com\/fr\/la-conception-dune-salle-de-bain-reside-dans-ce-qui-nest-pas-visible\/\" aria-label=\"Read more about La conception d&rsquo;une salle de bain r\u00e9side dans ce qui n&rsquo;est pas visible.\" tabindex=\"-1\" >\r\n\t\t\tLIRE LA SUITE \u00bb\t\t<\/a>\r\n\r\n\t\t\t\t<\/div>\r\n\t\t\t\t<div class=\"elementor-post__meta-data\">\r\n\t\t\t\t\t<span class=\"elementor-post-date\">\r\n\t\t\t8 avril 2026\t\t<\/span>\r\n\t\t\t\t<\/div>\r\n\t\t\t\t\t<\/div>\r\n\t\t<\/article>\r\n\t\t\t\t<article class=\"elementor-post elementor-grid-item post-1986 post type-post status-publish format-standard has-post-thumbnail hentry category-parois-de-douche\" role=\"listitem\">\r\n\t\t\t<div class=\"elementor-post__card\">\r\n\t\t\t\t<a class=\"elementor-post__thumbnail__link\" href=\"https:\/\/dubacris.com\/fr\/paroi-de-douche-battante-alpes\/\" tabindex=\"-1\" ><div class=\"elementor-post__thumbnail\"><img decoding=\"async\" width=\"300\" height=\"197\" src=\"https:\/\/dubacris.com\/wp-content\/uploads\/2026\/03\/alpes-dubacris-noticia-1-300x197.jpg\" class=\"attachment-medium size-medium wp-image-1963\" alt=\"\" srcset=\"https:\/\/dubacris.com\/wp-content\/uploads\/2026\/03\/alpes-dubacris-noticia-1-300x197.jpg 300w, https:\/\/dubacris.com\/wp-content\/uploads\/2026\/03\/alpes-dubacris-noticia-1-1024x672.jpg 1024w, https:\/\/dubacris.com\/wp-content\/uploads\/2026\/03\/alpes-dubacris-noticia-1-768x504.jpg 768w, https:\/\/dubacris.com\/wp-content\/uploads\/2026\/03\/alpes-dubacris-noticia-1.jpg 1080w\" sizes=\"(max-width: 300px) 100vw, 300px\" \/><\/div><\/a>\r\n\t\t\t\t<div class=\"elementor-post__badge\">PAROIS DE DOUCHE<\/div>\r\n\t\t\t\t<div class=\"elementor-post__text\">\r\n\t\t\t\t<h2 class=\"elementor-post__title\">\r\n\t\t\t<a href=\"https:\/\/dubacris.com\/fr\/paroi-de-douche-battante-alpes\/\" >\r\n\t\t\t\tPAROI DE DOUCHE BATTANTE ALPES\t\t\t<\/a>\r\n\t\t<\/h2>\r\n\t\t\t\t<div class=\"elementor-post__excerpt\">\r\n\t\t\t<p>&nbsp; Pr\u00e9cision, \u00e9tanch\u00e9it\u00e9 et design contemporain pour des salles de bain exigeantes Chez Dubacris, nous concevons des parois de verre<\/p>\n\t\t<\/div>\r\n\t\t\r\n\t\t<a class=\"elementor-post__read-more\" href=\"https:\/\/dubacris.com\/fr\/paroi-de-douche-battante-alpes\/\" aria-label=\"Read more about PAROI DE DOUCHE BATTANTE ALPES\" tabindex=\"-1\" >\r\n\t\t\tLIRE LA SUITE \u00bb\t\t<\/a>\r\n\r\n\t\t\t\t<\/div>\r\n\t\t\t\t<div class=\"elementor-post__meta-data\">\r\n\t\t\t\t\t<span class=\"elementor-post-date\">\r\n\t\t\t3 mars 2026\t\t<\/span>\r\n\t\t\t\t<\/div>\r\n\t\t\t\t\t<\/div>\r\n\t\t<\/article>\r\n\t\t\t\t<article class=\"elementor-post elementor-grid-item post-1987 post type-post status-publish format-standard has-post-thumbnail hentry category-actualite\" role=\"listitem\">\r\n\t\t\t<div class=\"elementor-post__card\">\r\n\t\t\t\t<a class=\"elementor-post__thumbnail__link\" href=\"https:\/\/dubacris.com\/fr\/paroi-de-douche-battante-ou-coulissante-lequel-choisir-pour-votre-salle-de-bain\/\" tabindex=\"-1\" ><div class=\"elementor-post__thumbnail\"><img decoding=\"async\" width=\"300\" height=\"209\" src=\"https:\/\/dubacris.com\/wp-content\/uploads\/2026\/02\/Dubacris-Noticia-mampara-abatible-o-corredera-2-300x209.jpg\" class=\"attachment-medium size-medium wp-image-1962\" alt=\"\" srcset=\"https:\/\/dubacris.com\/wp-content\/uploads\/2026\/02\/Dubacris-Noticia-mampara-abatible-o-corredera-2-300x209.jpg 300w, https:\/\/dubacris.com\/wp-content\/uploads\/2026\/02\/Dubacris-Noticia-mampara-abatible-o-corredera-2-1024x712.jpg 1024w, https:\/\/dubacris.com\/wp-content\/uploads\/2026\/02\/Dubacris-Noticia-mampara-abatible-o-corredera-2-768x534.jpg 768w, https:\/\/dubacris.com\/wp-content\/uploads\/2026\/02\/Dubacris-Noticia-mampara-abatible-o-corredera-2.jpg 1080w\" sizes=\"(max-width: 300px) 100vw, 300px\" \/><\/div><\/a>\r\n\t\t\t\t<div class=\"elementor-post__badge\">Actualit\u00e9<\/div>\r\n\t\t\t\t<div class=\"elementor-post__text\">\r\n\t\t\t\t<h2 class=\"elementor-post__title\">\r\n\t\t\t<a href=\"https:\/\/dubacris.com\/fr\/paroi-de-douche-battante-ou-coulissante-lequel-choisir-pour-votre-salle-de-bain\/\" >\r\n\t\t\t\tParoi de douche battante ou coulissante : Lequel choisir pour votre salle de bain ?\t\t\t<\/a>\r\n\t\t<\/h2>\r\n\t\t\t\t<div class=\"elementor-post__excerpt\">\r\n\t\t\t<p>&nbsp; Choisir entre une paroi de douche battante ou une paroi de douche coulissante est l\u2019une des d\u00e9cisions les plus<\/p>\n\t\t<\/div>\r\n\t\t\r\n\t\t<a class=\"elementor-post__read-more\" href=\"https:\/\/dubacris.com\/fr\/paroi-de-douche-battante-ou-coulissante-lequel-choisir-pour-votre-salle-de-bain\/\" aria-label=\"Read more about Paroi de douche battante ou coulissante : Lequel choisir pour votre salle de bain ?\" tabindex=\"-1\" >\r\n\t\t\tLIRE LA SUITE \u00bb\t\t<\/a>\r\n\r\n\t\t\t\t<\/div>\r\n\t\t\t\t<div class=\"elementor-post__meta-data\">\r\n\t\t\t\t\t<span class=\"elementor-post-date\">\r\n\t\t\t26 f\u00e9vrier 2026\t\t<\/span>\r\n\t\t\t\t<\/div>\r\n\t\t\t\t\t<\/div>\r\n\t\t<\/article>\r\n\t\t\t\t<article class=\"elementor-post elementor-grid-item post-1988 post type-post status-publish format-standard has-post-thumbnail hentry category-parois-de-douche\" role=\"listitem\">\r\n\t\t\t<div class=\"elementor-post__card\">\r\n\t\t\t\t<a class=\"elementor-post__thumbnail__link\" href=\"https:\/\/dubacris.com\/fr\/paroi-de-douche-coulissante-altai\/\" tabindex=\"-1\" ><div class=\"elementor-post__thumbnail\"><img loading=\"lazy\" decoding=\"async\" width=\"300\" height=\"197\" src=\"https:\/\/dubacris.com\/wp-content\/uploads\/2026\/02\/altai-dubacris-noticia-1-300x197.jpg\" class=\"attachment-medium size-medium wp-image-1957\" alt=\"\" srcset=\"https:\/\/dubacris.com\/wp-content\/uploads\/2026\/02\/altai-dubacris-noticia-1-300x197.jpg 300w, https:\/\/dubacris.com\/wp-content\/uploads\/2026\/02\/altai-dubacris-noticia-1-1024x672.jpg 1024w, https:\/\/dubacris.com\/wp-content\/uploads\/2026\/02\/altai-dubacris-noticia-1-768x504.jpg 768w, https:\/\/dubacris.com\/wp-content\/uploads\/2026\/02\/altai-dubacris-noticia-1.jpg 1080w\" sizes=\"(max-width: 300px) 100vw, 300px\" \/><\/div><\/a>\r\n\t\t\t\t<div class=\"elementor-post__badge\">PAROIS DE DOUCHE<\/div>\r\n\t\t\t\t<div class=\"elementor-post__text\">\r\n\t\t\t\t<h2 class=\"elementor-post__title\">\r\n\t\t\t<a href=\"https:\/\/dubacris.com\/fr\/paroi-de-douche-coulissante-altai\/\" >\r\n\t\t\t\tPAROI DE DOUCHE COULISSANTE ALTAI\t\t\t<\/a>\r\n\t\t<\/h2>\r\n\t\t\t\t<div class=\"elementor-post__excerpt\">\r\n\t\t\t<p>&nbsp; Chez Dubacris, nous concevons des parois de verre pens\u00e9es pour ceux qui recherchent bien plus qu\u2019une simple solution fonctionnelle.<\/p>\n\t\t<\/div>\r\n\t\t\r\n\t\t<a class=\"elementor-post__read-more\" href=\"https:\/\/dubacris.com\/fr\/paroi-de-douche-coulissante-altai\/\" aria-label=\"Read more about PAROI DE DOUCHE COULISSANTE ALTAI\" tabindex=\"-1\" >\r\n\t\t\tLIRE LA SUITE \u00bb\t\t<\/a>\r\n\r\n\t\t\t\t<\/div>\r\n\t\t\t\t<div class=\"elementor-post__meta-data\">\r\n\t\t\t\t\t<span class=\"elementor-post-date\">\r\n\t\t\t16 f\u00e9vrier 2026\t\t<\/span>\r\n\t\t\t\t<\/div>\r\n\t\t\t\t\t<\/div>\r\n\t\t<\/article>\r\n\t\t\t\t<article class=\"elementor-post elementor-grid-item post-1990 post type-post status-publish format-standard has-post-thumbnail hentry category-actualite\" role=\"listitem\">\r\n\t\t\t<div class=\"elementor-post__card\">\r\n\t\t\t\t<a class=\"elementor-post__thumbnail__link\" href=\"https:\/\/dubacris.com\/fr\/comment-choisir-une-paroi-de-douche-selon-votre-salle-de-bain\/\" tabindex=\"-1\" ><div class=\"elementor-post__thumbnail\"><img loading=\"lazy\" decoding=\"async\" width=\"300\" height=\"209\" src=\"https:\/\/dubacris.com\/wp-content\/uploads\/2026\/01\/Dubacris-Noticia-Elegir-300x209.jpg\" class=\"attachment-medium size-medium wp-image-1958\" alt=\"\" srcset=\"https:\/\/dubacris.com\/wp-content\/uploads\/2026\/01\/Dubacris-Noticia-Elegir-300x209.jpg 300w, https:\/\/dubacris.com\/wp-content\/uploads\/2026\/01\/Dubacris-Noticia-Elegir-1024x712.jpg 1024w, https:\/\/dubacris.com\/wp-content\/uploads\/2026\/01\/Dubacris-Noticia-Elegir-768x534.jpg 768w, https:\/\/dubacris.com\/wp-content\/uploads\/2026\/01\/Dubacris-Noticia-Elegir.jpg 1080w\" sizes=\"(max-width: 300px) 100vw, 300px\" \/><\/div><\/a>\r\n\t\t\t\t<div class=\"elementor-post__badge\">Actualit\u00e9<\/div>\r\n\t\t\t\t<div class=\"elementor-post__text\">\r\n\t\t\t\t<h2 class=\"elementor-post__title\">\r\n\t\t\t<a href=\"https:\/\/dubacris.com\/fr\/comment-choisir-une-paroi-de-douche-selon-votre-salle-de-bain\/\" >\r\n\t\t\t\tComment choisir une paroi de douche selon votre salle de bain.\t\t\t<\/a>\r\n\t\t<\/h2>\r\n\t\t\t\t<div class=\"elementor-post__excerpt\">\r\n\t\t\t<p>&nbsp; &nbsp; Choisir la paroi de douche ad\u00e9quate n&rsquo;est pas seulement une question esth\u00e9tique. Le type de salle de bain,<\/p>\n\t\t<\/div>\r\n\t\t\r\n\t\t<a class=\"elementor-post__read-more\" href=\"https:\/\/dubacris.com\/fr\/comment-choisir-une-paroi-de-douche-selon-votre-salle-de-bain\/\" aria-label=\"Read more about Comment choisir une paroi de douche selon votre salle de bain.\" tabindex=\"-1\" >\r\n\t\t\tLIRE LA SUITE \u00bb\t\t<\/a>\r\n\r\n\t\t\t\t<\/div>\r\n\t\t\t\t<div class=\"elementor-post__meta-data\">\r\n\t\t\t\t\t<span class=\"elementor-post-date\">\r\n\t\t\t29 janvier 2026\t\t<\/span>\r\n\t\t\t\t<\/div>\r\n\t\t\t\t\t<\/div>\r\n\t\t<\/article>\r\n\t\t\t\t<article class=\"elementor-post elementor-grid-item post-1991 post type-post status-publish format-standard has-post-thumbnail hentry category-parois-de-douche\" role=\"listitem\">\r\n\t\t\t<div class=\"elementor-post__card\">\r\n\t\t\t\t<a class=\"elementor-post__thumbnail__link\" href=\"https:\/\/dubacris.com\/fr\/paroi-de-douche-coulissante-carpatos\/\" tabindex=\"-1\" ><div class=\"elementor-post__thumbnail\"><img loading=\"lazy\" decoding=\"async\" width=\"300\" height=\"197\" src=\"https:\/\/dubacris.com\/wp-content\/uploads\/2026\/01\/carpatos-dubacris-noticia-300x197.jpg\" class=\"attachment-medium size-medium wp-image-1953\" alt=\"\" srcset=\"https:\/\/dubacris.com\/wp-content\/uploads\/2026\/01\/carpatos-dubacris-noticia-300x197.jpg 300w, https:\/\/dubacris.com\/wp-content\/uploads\/2026\/01\/carpatos-dubacris-noticia-1024x672.jpg 1024w, https:\/\/dubacris.com\/wp-content\/uploads\/2026\/01\/carpatos-dubacris-noticia-768x504.jpg 768w, https:\/\/dubacris.com\/wp-content\/uploads\/2026\/01\/carpatos-dubacris-noticia.jpg 1080w\" sizes=\"(max-width: 300px) 100vw, 300px\" \/><\/div><\/a>\r\n\t\t\t\t<div class=\"elementor-post__badge\">PAROIS DE DOUCHE<\/div>\r\n\t\t\t\t<div class=\"elementor-post__text\">\r\n\t\t\t\t<h2 class=\"elementor-post__title\">\r\n\t\t\t<a href=\"https:\/\/dubacris.com\/fr\/paroi-de-douche-coulissante-carpatos\/\" >\r\n\t\t\t\tPAROI DE DOUCHE COULISSANTE CARPATOS\t\t\t<\/a>\r\n\t\t<\/h2>\r\n\t\t\t\t<div class=\"elementor-post__excerpt\">\r\n\t\t\t<p>&nbsp; &nbsp; Chez Dubacris, nous concevons des solutions en verre pens\u00e9es pour s&rsquo;adapter \u00e0 la vie r\u00e9elle, aux espaces quotidiens<\/p>\n\t\t<\/div>\r\n\t\t\r\n\t\t<a class=\"elementor-post__read-more\" href=\"https:\/\/dubacris.com\/fr\/paroi-de-douche-coulissante-carpatos\/\" aria-label=\"Read more about PAROI DE DOUCHE COULISSANTE CARPATOS\" tabindex=\"-1\" >\r\n\t\t\tLIRE LA SUITE \u00bb\t\t<\/a>\r\n\r\n\t\t\t\t<\/div>\r\n\t\t\t\t<div class=\"elementor-post__meta-data\">\r\n\t\t\t\t\t<span class=\"elementor-post-date\">\r\n\t\t\t20 janvier 2026\t\t<\/span>\r\n\t\t\t\t<\/div>\r\n\t\t\t\t\t<\/div>\r\n\t\t<\/article>\r\n\t\t\t\t<\/div>\r\n\t\t\r\n\t\t\t\t\t\t<\/div>\n\t\t\t\t<\/div>\n\t\t\t\t\t<\/div>\n\t\t\t\t<\/div>\n\t\t\t\t<\/div>\n\t\t","protected":false},"excerpt":{"rendered":"<p>Nos actualit\u00e9s<\/p>\n","protected":false},"author":1,"featured_media":1803,"parent":0,"menu_order":0,"comment_status":"closed","ping_status":"closed","template":"","meta":{"_joinchat":[],"footnotes":""},"class_list":["post-1974","page","type-page","status-publish","has-post-thumbnail","hentry"],"yoast_head":"<!-- This site is optimized with the Yoast SEO Premium plugin v27.2 (Yoast SEO v27.3) - https:\/\/yoast.com\/product\/yoast-seo-premium-wordpress\/ -->\n<title>ACTUALIT\u00c9S - Dubacris<\/title>\n<meta name=\"robots\" content=\"index, follow, max-snippet:-1, max-image-preview:large, max-video-preview:-1\" \/>\n<link rel=\"canonical\" href=\"https:\/\/dubacris.com\/fr\/actualites\/\" \/>\n<meta property=\"og:locale\" content=\"fr_FR\" \/>\n<meta property=\"og:type\" content=\"article\" \/>\n<meta property=\"og:title\" content=\"ACTUALIT\u00c9S\" \/>\n<meta property=\"og:description\" content=\"Nos actualit\u00e9s\" \/>\n<meta property=\"og:url\" content=\"https:\/\/dubacris.com\/fr\/actualites\/\" \/>\n<meta property=\"og:site_name\" content=\"Dubacris\" \/>\n<meta property=\"article:modified_time\" content=\"2026-04-20T07:22:24+00:00\" \/>\n<meta property=\"og:image\" content=\"https:\/\/dubacris.com\/wp-content\/uploads\/2026\/02\/BANNER-WEB-4-1407-min-2048x690-1.jpg\" \/>\n\t<meta property=\"og:image:width\" content=\"995\" \/>\n\t<meta property=\"og:image:height\" content=\"690\" \/>\n\t<meta property=\"og:image:type\" content=\"image\/jpeg\" \/>\n<meta name=\"twitter:card\" content=\"summary_large_image\" \/>\n<script type=\"application\/ld+json\" class=\"yoast-schema-graph\">{\"@context\":\"https:\\\/\\\/schema.org\",\"@graph\":[{\"@type\":\"WebPage\",\"@id\":\"https:\\\/\\\/dubacris.com\\\/fr\\\/actualites\\\/\",\"url\":\"https:\\\/\\\/dubacris.com\\\/fr\\\/actualites\\\/\",\"name\":\"ACTUALIT\u00c9S - Dubacris\",\"isPartOf\":{\"@id\":\"https:\\\/\\\/dubacris.com\\\/#website\"},\"primaryImageOfPage\":{\"@id\":\"https:\\\/\\\/dubacris.com\\\/fr\\\/actualites\\\/#primaryimage\"},\"image\":{\"@id\":\"https:\\\/\\\/dubacris.com\\\/fr\\\/actualites\\\/#primaryimage\"},\"thumbnailUrl\":\"https:\\\/\\\/dubacris.com\\\/wp-content\\\/uploads\\\/2026\\\/02\\\/BANNER-WEB-4-1407-min-2048x690-1.jpg\",\"datePublished\":\"2026-02-17T08:16:56+00:00\",\"dateModified\":\"2026-04-20T07:22:24+00:00\",\"breadcrumb\":{\"@id\":\"https:\\\/\\\/dubacris.com\\\/fr\\\/actualites\\\/#breadcrumb\"},\"inLanguage\":\"fr-FR\",\"potentialAction\":[{\"@type\":\"ReadAction\",\"target\":[\"https:\\\/\\\/dubacris.com\\\/fr\\\/actualites\\\/\"]}]},{\"@type\":\"ImageObject\",\"inLanguage\":\"fr-FR\",\"@id\":\"https:\\\/\\\/dubacris.com\\\/fr\\\/actualites\\\/#primaryimage\",\"url\":\"https:\\\/\\\/dubacris.com\\\/wp-content\\\/uploads\\\/2026\\\/02\\\/BANNER-WEB-4-1407-min-2048x690-1.jpg\",\"contentUrl\":\"https:\\\/\\\/dubacris.com\\\/wp-content\\\/uploads\\\/2026\\\/02\\\/BANNER-WEB-4-1407-min-2048x690-1.jpg\",\"width\":995,\"height\":690},{\"@type\":\"BreadcrumbList\",\"@id\":\"https:\\\/\\\/dubacris.com\\\/fr\\\/actualites\\\/#breadcrumb\",\"itemListElement\":[{\"@type\":\"ListItem\",\"position\":1,\"name\":\"Portada\",\"item\":\"https:\\\/\\\/dubacris.com\\\/\"},{\"@type\":\"ListItem\",\"position\":2,\"name\":\"ACTUALIT\u00c9S\"}]},{\"@type\":\"WebSite\",\"@id\":\"https:\\\/\\\/dubacris.com\\\/#website\",\"url\":\"https:\\\/\\\/dubacris.com\\\/\",\"name\":\"Dubacris\",\"description\":\"Fabricante de Mamparas y Herrajes para Vidrio\",\"publisher\":{\"@id\":\"https:\\\/\\\/dubacris.com\\\/#organization\"},\"potentialAction\":[{\"@type\":\"SearchAction\",\"target\":{\"@type\":\"EntryPoint\",\"urlTemplate\":\"https:\\\/\\\/dubacris.com\\\/?s={search_term_string}\"},\"query-input\":{\"@type\":\"PropertyValueSpecification\",\"valueRequired\":true,\"valueName\":\"search_term_string\"}}],\"inLanguage\":\"fr-FR\"},{\"@type\":\"Organization\",\"@id\":\"https:\\\/\\\/dubacris.com\\\/#organization\",\"name\":\"Dubacris\",\"url\":\"https:\\\/\\\/dubacris.com\\\/\",\"logo\":{\"@type\":\"ImageObject\",\"inLanguage\":\"fr-FR\",\"@id\":\"https:\\\/\\\/dubacris.com\\\/#\\\/schema\\\/logo\\\/image\\\/\",\"url\":\"https:\\\/\\\/dubacris.com\\\/wp-content\\\/uploads\\\/2026\\\/02\\\/Dubacris-03.png\",\"contentUrl\":\"https:\\\/\\\/dubacris.com\\\/wp-content\\\/uploads\\\/2026\\\/02\\\/Dubacris-03.png\",\"width\":1755,\"height\":1241,\"caption\":\"Dubacris\"},\"image\":{\"@id\":\"https:\\\/\\\/dubacris.com\\\/#\\\/schema\\\/logo\\\/image\\\/\"}}]}<\/script>\n<!-- \/ Yoast SEO Premium plugin. -->","yoast_head_json":{"title":"ACTUALIT\u00c9S - Dubacris","robots":{"index":"index","follow":"follow","max-snippet":"max-snippet:-1","max-image-preview":"max-image-preview:large","max-video-preview":"max-video-preview:-1"},"canonical":"https:\/\/dubacris.com\/fr\/actualites\/","og_locale":"fr_FR","og_type":"article","og_title":"ACTUALIT\u00c9S","og_description":"Nos actualit\u00e9s","og_url":"https:\/\/dubacris.com\/fr\/actualites\/","og_site_name":"Dubacris","article_modified_time":"2026-04-20T07:22:24+00:00","og_image":[{"width":995,"height":690,"url":"https:\/\/dubacris.com\/wp-content\/uploads\/2026\/02\/BANNER-WEB-4-1407-min-2048x690-1.jpg","type":"image\/jpeg"}],"twitter_card":"summary_large_image","schema":{"@context":"https:\/\/schema.org","@graph":[{"@type":"WebPage","@id":"https:\/\/dubacris.com\/fr\/actualites\/","url":"https:\/\/dubacris.com\/fr\/actualites\/","name":"ACTUALIT\u00c9S - Dubacris","isPartOf":{"@id":"https:\/\/dubacris.com\/#website"},"primaryImageOfPage":{"@id":"https:\/\/dubacris.com\/fr\/actualites\/#primaryimage"},"image":{"@id":"https:\/\/dubacris.com\/fr\/actualites\/#primaryimage"},"thumbnailUrl":"https:\/\/dubacris.com\/wp-content\/uploads\/2026\/02\/BANNER-WEB-4-1407-min-2048x690-1.jpg","datePublished":"2026-02-17T08:16:56+00:00","dateModified":"2026-04-20T07:22:24+00:00","breadcrumb":{"@id":"https:\/\/dubacris.com\/fr\/actualites\/#breadcrumb"},"inLanguage":"fr-FR","potentialAction":[{"@type":"ReadAction","target":["https:\/\/dubacris.com\/fr\/actualites\/"]}]},{"@type":"ImageObject","inLanguage":"fr-FR","@id":"https:\/\/dubacris.com\/fr\/actualites\/#primaryimage","url":"https:\/\/dubacris.com\/wp-content\/uploads\/2026\/02\/BANNER-WEB-4-1407-min-2048x690-1.jpg","contentUrl":"https:\/\/dubacris.com\/wp-content\/uploads\/2026\/02\/BANNER-WEB-4-1407-min-2048x690-1.jpg","width":995,"height":690},{"@type":"BreadcrumbList","@id":"https:\/\/dubacris.com\/fr\/actualites\/#breadcrumb","itemListElement":[{"@type":"ListItem","position":1,"name":"Portada","item":"https:\/\/dubacris.com\/"},{"@type":"ListItem","position":2,"name":"ACTUALIT\u00c9S"}]},{"@type":"WebSite","@id":"https:\/\/dubacris.com\/#website","url":"https:\/\/dubacris.com\/","name":"Dubacris","description":"Fabricante de Mamparas y Herrajes para Vidrio","publisher":{"@id":"https:\/\/dubacris.com\/#organization"},"potentialAction":[{"@type":"SearchAction","target":{"@type":"EntryPoint","urlTemplate":"https:\/\/dubacris.com\/?s={search_term_string}"},"query-input":{"@type":"PropertyValueSpecification","valueRequired":true,"valueName":"search_term_string"}}],"inLanguage":"fr-FR"},{"@type":"Organization","@id":"https:\/\/dubacris.com\/#organization","name":"Dubacris","url":"https:\/\/dubacris.com\/","logo":{"@type":"ImageObject","inLanguage":"fr-FR","@id":"https:\/\/dubacris.com\/#\/schema\/logo\/image\/","url":"https:\/\/dubacris.com\/wp-content\/uploads\/2026\/02\/Dubacris-03.png","contentUrl":"https:\/\/dubacris.com\/wp-content\/uploads\/2026\/02\/Dubacris-03.png","width":1755,"height":1241,"caption":"Dubacris"},"image":{"@id":"https:\/\/dubacris.com\/#\/schema\/logo\/image\/"}}]}},"_links":{"self":[{"href":"https:\/\/dubacris.com\/fr\/wp-json\/wp\/v2\/pages\/1974","targetHints":{"allow":["GET"]}}],"collection":[{"href":"https:\/\/dubacris.com\/fr\/wp-json\/wp\/v2\/pages"}],"about":[{"href":"https:\/\/dubacris.com\/fr\/wp-json\/wp\/v2\/types\/page"}],"author":[{"embeddable":true,"href":"https:\/\/dubacris.com\/fr\/wp-json\/wp\/v2\/users\/1"}],"replies":[{"embeddable":true,"href":"https:\/\/dubacris.com\/fr\/wp-json\/wp\/v2\/comments?post=1974"}],"version-history":[{"count":1,"href":"https:\/\/dubacris.com\/fr\/wp-json\/wp\/v2\/pages\/1974\/revisions"}],"predecessor-version":[{"id":1975,"href":"https:\/\/dubacris.com\/fr\/wp-json\/wp\/v2\/pages\/1974\/revisions\/1975"}],"wp:featuredmedia":[{"embeddable":true,"href":"https:\/\/dubacris.com\/fr\/wp-json\/wp\/v2\/media\/1803"}],"wp:attachment":[{"href":"https:\/\/dubacris.com\/fr\/wp-json\/wp\/v2\/media?parent=1974"}],"curies":[{"name":"wp","href":"https:\/\/api.w.org\/{rel}","templated":true}]}}