{"id":1969,"date":"2026-02-17T10:16:36","date_gmt":"2026-02-17T08:16:36","guid":{"rendered":"https:\/\/dubacris.com\/qui-sommes-nous\/"},"modified":"2026-04-20T09:09:22","modified_gmt":"2026-04-20T07:09:22","slug":"qui-sommes-nous","status":"publish","type":"page","link":"https:\/\/dubacris.com\/fr\/qui-sommes-nous\/","title":{"rendered":"Qui sommes-nous"},"content":{"rendered":"\t\t<div data-elementor-type=\"wp-page\" data-elementor-id=\"1969\" class=\"elementor elementor-1969 elementor-287\" data-elementor-post-type=\"page\">\n\t\t\t\t<div class=\"elementor-element elementor-element-7f4ce847 e-flex e-con-boxed e-con e-parent\" data-id=\"7f4ce847\" data-element_type=\"container\" data-e-type=\"container\" data-settings=\"{&quot;background_background&quot;:&quot;video&quot;,&quot;background_video_link&quot;:&quot;https:\\\/\\\/dubacris.com\\\/wp-content\\\/uploads\\\/2026\\\/03\\\/Cabecera-Quienes-Somos.mp4&quot;,&quot;background_play_on_mobile&quot;:&quot;yes&quot;}\">\n\t\t\t\t\t<div class=\"e-con-inner\">\n\t\t<div class=\"elementor-background-video-container\">\n\t\t\t\t\t\t\t<video class=\"elementor-background-video-hosted\" role=\"presentation\" autoplay muted playsinline loop><\/video>\n\t\t\t\t\t<\/div>\t\t<div class=\"elementor-element elementor-element-46591ab0 elementor-widget elementor-widget-heading\" data-id=\"46591ab0\" data-element_type=\"widget\" data-e-type=\"widget\" data-widget_type=\"heading.default\">\n\t\t\t\t\t<h1 class=\"elementor-heading-title elementor-size-default\">Qui sommes-nous <\/h1>\t\t\t\t<\/div>\n\t\t\t\t<div class=\"elementor-element elementor-element-ad827d7 elementor-widget elementor-widget-heading\" data-id=\"ad827d7\" data-element_type=\"widget\" data-e-type=\"widget\" data-widget_type=\"heading.default\">\n\t\t\t\t\t<span class=\"elementor-heading-title elementor-size-default\">D\u00e9couvrez pourquoi nous choisir<\/span>\t\t\t\t<\/div>\n\t\t\t\t\t<\/div>\n\t\t\t\t<\/div>\n\t\t<div class=\"elementor-element elementor-element-6243c98 e-flex e-con-boxed e-con e-parent\" data-id=\"6243c98\" data-element_type=\"container\" data-e-type=\"container\">\n\t\t\t\t\t<div class=\"e-con-inner\">\n\t\t\t\t<div class=\"elementor-element elementor-element-afa050b elementor-widget__width-initial elementor-widget elementor-widget-heading\" data-id=\"afa050b\" data-element_type=\"widget\" data-e-type=\"widget\" data-widget_type=\"heading.default\">\n\t\t\t\t\t<h2 class=\"elementor-heading-title elementor-size-default\"><b>Fabricants de parois de douche <\/b>fiables et de haute qualit\u00e9 fiables y de alta calidad<\/h2>\t\t\t\t<\/div>\n\t\t<div class=\"elementor-element elementor-element-4212521 e-con-full e-flex e-con e-child\" data-id=\"4212521\" data-element_type=\"container\" data-e-type=\"container\">\n\t\t<div class=\"elementor-element elementor-element-74fa10f e-con-full e-flex e-con e-child\" data-id=\"74fa10f\" data-element_type=\"container\" data-e-type=\"container\">\n\t\t\t\t<div class=\"elementor-element elementor-element-906c5ac elementor-widget__width-initial elementor-widget elementor-widget-text-editor\" data-id=\"906c5ac\" data-element_type=\"widget\" data-e-type=\"widget\" data-widget_type=\"text-editor.default\">\n\t\t\t\t\t\t\t\t\t<p>Dubacris dispose d\u2019une vaste exp\u00e9rience dans le secteur de la fabrication de parois de douche, ainsi que dans celui de la <strong>ferrure pour verre tremp\u00e9<\/strong>, ce qui nous permet de produire <strong>toute pi\u00e8ce<\/strong> que nous commercialisons, principalement sur le march\u00e9 national et international, ou d\u2019appliquer ce savoir-faire \u00e0 notre propre fabrication<br>de parois de douche, portes de passage, ou lors de la r\u00e9alisation de tout type de projet.<\/p><p><strong><br><\/strong><\/p>\n<p>Nous travaillons principalement le laiton et l\u2019acier comme mati\u00e8res premi\u00e8res, en am\u00e9liorant continuellement nos produits afin de garantir une qualit\u00e9 maximale<strong>.<\/strong><\/p><p><strong><br><\/strong><\/p>\n<p>Nous appliquons de nouvelles technologies pour innover et cr\u00e9er de nouveaux designs, et nous introduisons sur le march\u00e9 des mod\u00e8les exclusifs ainsi que des conceptions sur mesure. <strong>Nous soignons chaque d\u00e9tail sans n\u00e9gliger la s\u00e9curit\u00e9<\/strong>, en garantissant la durabilit\u00e9 et un fonctionnement optimal.<\/p>\t\t\t\t\t\t\t\t<\/div>\n\t\t\t\t<\/div>\n\t\t<div class=\"elementor-element elementor-element-c3ab069 e-con-full e-flex e-con e-child\" data-id=\"c3ab069\" data-element_type=\"container\" data-e-type=\"container\">\n\t\t\t\t<div class=\"elementor-element elementor-element-80ac393 elementor-widget__width-initial elementor-widget elementor-widget-video\" data-id=\"80ac393\" data-element_type=\"widget\" data-e-type=\"widget\" data-settings=\"{&quot;video_type&quot;:&quot;hosted&quot;,&quot;autoplay&quot;:&quot;yes&quot;,&quot;mute&quot;:&quot;yes&quot;,&quot;controls&quot;:&quot;yes&quot;}\" data-widget_type=\"video.default\">\n\t\t\t\t\t\t\t<div class=\"e-hosted-video elementor-wrapper elementor-open-inline\">\n\t\t\t\t\t<video class=\"elementor-video\" src=\"https:\/\/dubacris.com\/wp-content\/uploads\/2026\/03\/Dubacris-Branding-1.mp4\" autoplay=\"\" controls=\"\" muted=\"muted\" controlsList=\"nodownload\"><\/video>\n\t\t\t\t<\/div>\n\t\t\t\t\t\t<\/div>\n\t\t\t\t<\/div>\n\t\t\t\t<\/div>\n\t\t\t\t\t<\/div>\n\t\t\t\t<\/div>\n\t\t<div class=\"elementor-element elementor-element-b729e94 e-flex e-con-boxed e-con e-parent\" data-id=\"b729e94\" data-element_type=\"container\" data-e-type=\"container\" data-settings=\"{&quot;background_background&quot;:&quot;classic&quot;}\">\n\t\t\t\t\t<div class=\"e-con-inner\">\n\t\t<div class=\"elementor-element elementor-element-c9993a3 e-con-full e-flex e-con e-child\" data-id=\"c9993a3\" data-element_type=\"container\" data-e-type=\"container\">\n\t\t\t\t<div class=\"elementor-element elementor-element-c20e735 elementor-widget elementor-widget-icon-box\" data-id=\"c20e735\" data-element_type=\"widget\" data-e-type=\"widget\" data-widget_type=\"icon-box.default\">\n\t\t\t\t\t\t\t<div class=\"elementor-icon-box-wrapper\">\n\n\t\t\t\n\t\t\t\t\t\t<div class=\"elementor-icon-box-content\">\n\n\t\t\t\t\t\t\t\t\t<h3 class=\"elementor-icon-box-title\">\n\t\t\t\t\t\t<span  >\n\t\t\t\t\t\t\tFABRICATION NATIONALE\t\t\t\t\t\t<\/span>\n\t\t\t\t\t<\/h3>\n\t\t\t\t\n\t\t\t\t\t\t\t\t\t<p class=\"elementor-icon-box-description\">\n\t\t\t\t\t\tNous maintenons une am\u00e9lioration constante afin d\u2019offrir la meilleure qualit\u00e9 pour tous<br>nos produits.\t\t\t\t\t<\/p>\n\t\t\t\t\n\t\t\t<\/div>\n\t\t\t\n\t\t<\/div>\n\t\t\t\t\t\t<\/div>\n\t\t\t\t<\/div>\n\t\t<div class=\"elementor-element elementor-element-d62e863 e-con-full e-flex e-con e-child\" data-id=\"d62e863\" data-element_type=\"container\" data-e-type=\"container\">\n\t\t\t\t<div class=\"elementor-element elementor-element-942168f elementor-widget elementor-widget-icon-box\" data-id=\"942168f\" data-element_type=\"widget\" data-e-type=\"widget\" data-widget_type=\"icon-box.default\">\n\t\t\t\t\t\t\t<div class=\"elementor-icon-box-wrapper\">\n\n\t\t\t\n\t\t\t\t\t\t<div class=\"elementor-icon-box-content\">\n\n\t\t\t\t\t\t\t\t\t<h3 class=\"elementor-icon-box-title\">\n\t\t\t\t\t\t<span  >\n\t\t\t\t\t\t\tDESIGN ET QUALIT\u00c9\t\t\t\t\t\t<\/span>\n\t\t\t\t\t<\/h3>\n\t\t\t\t\n\t\t\t\t\t\t\t\t\t<p class=\"elementor-icon-box-description\">\n\t\t\t\t\t\t\nNous concevons et fabriquons des parois de douche et de bain, des portes de passage ainsi que des projets sur mesure.\t\t\t\t\t<\/p>\n\t\t\t\t\n\t\t\t<\/div>\n\t\t\t\n\t\t<\/div>\n\t\t\t\t\t\t<\/div>\n\t\t\t\t<\/div>\n\t\t<div class=\"elementor-element elementor-element-f93cd7f e-con-full e-flex e-con e-child\" data-id=\"f93cd7f\" data-element_type=\"container\" data-e-type=\"container\">\n\t\t\t\t<div class=\"elementor-element elementor-element-3a2895a elementor-widget elementor-widget-icon-box\" data-id=\"3a2895a\" data-element_type=\"widget\" data-e-type=\"widget\" data-widget_type=\"icon-box.default\">\n\t\t\t\t\t\t\t<div class=\"elementor-icon-box-wrapper\">\n\n\t\t\t\n\t\t\t\t\t\t<div class=\"elementor-icon-box-content\">\n\n\t\t\t\t\t\t\t\t\t<h3 class=\"elementor-icon-box-title\">\n\t\t\t\t\t\t<span  >\n\t\t\t\t\t\t\tR\u00c9SEAU DE DISTRIBUTEURS\t\t\t\t\t\t<\/span>\n\t\t\t\t\t<\/h3>\n\t\t\t\t\n\t\t\t\t\t\t\t\t\t<p class=\"elementor-icon-box-description\">\n\t\t\t\t\t\tNous disposons d\u2019un r\u00e9seau de distributeurs pour la fabrication de parois de douche, portes de passage, etc.\t\t\t\t\t<\/p>\n\t\t\t\t\n\t\t\t<\/div>\n\t\t\t\n\t\t<\/div>\n\t\t\t\t\t\t<\/div>\n\t\t\t\t<\/div>\n\t\t\t\t\t<\/div>\n\t\t\t\t<\/div>\n\t\t<div class=\"elementor-element elementor-element-27aa6ec e-flex e-con-boxed e-con e-parent\" data-id=\"27aa6ec\" data-element_type=\"container\" data-e-type=\"container\">\n\t\t\t\t\t<div class=\"e-con-inner\">\n\t\t<div class=\"elementor-element elementor-element-b576da3 e-con-full e-flex e-con e-child\" data-id=\"b576da3\" data-element_type=\"container\" data-e-type=\"container\">\n\t\t\t\t<div class=\"elementor-element elementor-element-0a28a11 elementor-widget__width-initial elementor-widget elementor-widget-heading\" data-id=\"0a28a11\" data-element_type=\"widget\" data-e-type=\"widget\" data-widget_type=\"heading.default\">\n\t\t\t\t\t<h2 class=\"elementor-heading-title elementor-size-default\">Pourquoi nous choisir ?<\/h2>\t\t\t\t<\/div>\n\t\t\t\t<div class=\"elementor-element elementor-element-ab3703d elementor-widget__width-initial elementor-widget elementor-widget-text-editor\" data-id=\"ab3703d\" data-element_type=\"widget\" data-e-type=\"widget\" data-widget_type=\"text-editor.default\">\n\t\t\t\t\t\t\t\t\t<div class=\"wpb_text_column wpb_content_element \"><div class=\"wpb_wrapper\"><p>\u2022 Nous sommes engag\u00e9s dans des<strong> processus d\u2019innovation continue<\/strong>.<\/p><p>\u2022 Nous soumettons <strong>toute notre fabrication<\/strong> \u00e0 des contr\u00f4les rigoureux.<\/p><p>\u2022 Le rapport <strong>qualit\u00e9-prix<\/strong> de nos produits est imbattable.<\/p><p>\u2022 Nous offrons un <strong>excellent service apr\u00e8s-vente<\/strong><\/p><p>\u2022 Nous disposons d\u2019<strong>installateurs internes<\/strong> avec des ann\u00e9es d\u2019exp\u00e9rience.<\/p><\/div><\/div>\t\t\t\t\t\t\t\t<\/div>\n\t\t\t\t<\/div>\n\t\t<div class=\"elementor-element elementor-element-3a6603d e-con-full e-flex e-con e-child\" data-id=\"3a6603d\" data-element_type=\"container\" data-e-type=\"container\">\n\t\t\t\t<div class=\"elementor-element elementor-element-06f9e8b elementor-widget__width-initial elementor-widget elementor-widget-video\" data-id=\"06f9e8b\" data-element_type=\"widget\" data-e-type=\"widget\" data-settings=\"{&quot;video_type&quot;:&quot;hosted&quot;,&quot;mute&quot;:&quot;yes&quot;,&quot;controls&quot;:&quot;yes&quot;}\" data-widget_type=\"video.default\">\n\t\t\t\t\t\t\t<div class=\"e-hosted-video elementor-wrapper elementor-open-inline\">\n\t\t\t\t\t<video class=\"elementor-video\" src=\"https:\/\/dubacris.com\/wp-content\/uploads\/2026\/03\/Detalles-Dubacris-Marilo-1.mp4\" controls=\"\" preload=\"metadata\" muted=\"muted\" controlsList=\"nodownload\"><\/video>\n\t\t\t\t<\/div>\n\t\t\t\t\t\t<\/div>\n\t\t\t\t<\/div>\n\t\t\t\t\t<\/div>\n\t\t\t\t<\/div>\n\t\t\t\t<\/div>\n\t\t","protected":false},"excerpt":{"rendered":"<p>Qui sommes-nous D\u00e9couvrez pourquoi nous choisir Fabricants de parois de douche fiables et de haute qualit\u00e9 fiables y de alta calidad Dubacris dispose d\u2019une vaste exp\u00e9rience dans le secteur de la fabrication de parois de douche, ainsi que dans celui de la ferrure pour verre tremp\u00e9, ce qui nous permet de produire toute pi\u00e8ce que [&hellip;]<\/p>\n","protected":false},"author":1,"featured_media":1887,"parent":0,"menu_order":0,"comment_status":"closed","ping_status":"closed","template":"","meta":{"_joinchat":[],"footnotes":""},"class_list":["post-1969","page","type-page","status-publish","has-post-thumbnail","hentry"],"yoast_head":"<!-- This site is optimized with the Yoast SEO Premium plugin v27.2 (Yoast SEO v27.3) - https:\/\/yoast.com\/product\/yoast-seo-premium-wordpress\/ -->\n<title>Qui sommes-nous - Dubacris<\/title>\n<meta name=\"robots\" content=\"index, follow, max-snippet:-1, max-image-preview:large, max-video-preview:-1\" \/>\n<link rel=\"canonical\" href=\"https:\/\/dubacris.com\/fr\/qui-sommes-nous\/\" \/>\n<meta property=\"og:locale\" content=\"fr_FR\" \/>\n<meta property=\"og:type\" content=\"article\" \/>\n<meta property=\"og:title\" content=\"Qui sommes-nous\" \/>\n<meta property=\"og:description\" content=\"Qui sommes-nous D\u00e9couvrez pourquoi nous choisir Fabricants de parois de douche fiables et de haute qualit\u00e9 fiables y de alta calidad Dubacris dispose d\u2019une vaste exp\u00e9rience dans le secteur de la fabrication de parois de douche, ainsi que dans celui de la ferrure pour verre tremp\u00e9, ce qui nous permet de produire toute pi\u00e8ce que [&hellip;]\" \/>\n<meta property=\"og:url\" content=\"https:\/\/dubacris.com\/fr\/qui-sommes-nous\/\" \/>\n<meta property=\"og:site_name\" content=\"Dubacris\" \/>\n<meta property=\"article:modified_time\" content=\"2026-04-20T07:09:22+00:00\" \/>\n<meta property=\"og:image\" content=\"https:\/\/dubacris.com\/wp-content\/uploads\/2026\/03\/Fabricacion-Nacional-Dubacris.jpg\" \/>\n\t<meta property=\"og:image:width\" content=\"1080\" \/>\n\t<meta property=\"og:image:height\" content=\"1350\" \/>\n\t<meta property=\"og:image:type\" content=\"image\/jpeg\" \/>\n<meta name=\"twitter:card\" content=\"summary_large_image\" \/>\n<meta name=\"twitter:label1\" content=\"Dur\u00e9e de lecture estim\u00e9e\" \/>\n\t<meta name=\"twitter:data1\" content=\"1 minute\" \/>\n<script type=\"application\/ld+json\" class=\"yoast-schema-graph\">{\"@context\":\"https:\\\/\\\/schema.org\",\"@graph\":[{\"@type\":\"WebPage\",\"@id\":\"https:\\\/\\\/dubacris.com\\\/fr\\\/qui-sommes-nous\\\/\",\"url\":\"https:\\\/\\\/dubacris.com\\\/fr\\\/qui-sommes-nous\\\/\",\"name\":\"Qui sommes-nous - Dubacris\",\"isPartOf\":{\"@id\":\"https:\\\/\\\/dubacris.com\\\/#website\"},\"primaryImageOfPage\":{\"@id\":\"https:\\\/\\\/dubacris.com\\\/fr\\\/qui-sommes-nous\\\/#primaryimage\"},\"image\":{\"@id\":\"https:\\\/\\\/dubacris.com\\\/fr\\\/qui-sommes-nous\\\/#primaryimage\"},\"thumbnailUrl\":\"https:\\\/\\\/dubacris.com\\\/wp-content\\\/uploads\\\/2026\\\/03\\\/Fabricacion-Nacional-Dubacris.jpg\",\"datePublished\":\"2026-02-17T08:16:36+00:00\",\"dateModified\":\"2026-04-20T07:09:22+00:00\",\"breadcrumb\":{\"@id\":\"https:\\\/\\\/dubacris.com\\\/fr\\\/qui-sommes-nous\\\/#breadcrumb\"},\"inLanguage\":\"fr-FR\",\"potentialAction\":[{\"@type\":\"ReadAction\",\"target\":[\"https:\\\/\\\/dubacris.com\\\/fr\\\/qui-sommes-nous\\\/\"]}]},{\"@type\":\"ImageObject\",\"inLanguage\":\"fr-FR\",\"@id\":\"https:\\\/\\\/dubacris.com\\\/fr\\\/qui-sommes-nous\\\/#primaryimage\",\"url\":\"https:\\\/\\\/dubacris.com\\\/wp-content\\\/uploads\\\/2026\\\/03\\\/Fabricacion-Nacional-Dubacris.jpg\",\"contentUrl\":\"https:\\\/\\\/dubacris.com\\\/wp-content\\\/uploads\\\/2026\\\/03\\\/Fabricacion-Nacional-Dubacris.jpg\",\"width\":1080,\"height\":1350},{\"@type\":\"BreadcrumbList\",\"@id\":\"https:\\\/\\\/dubacris.com\\\/fr\\\/qui-sommes-nous\\\/#breadcrumb\",\"itemListElement\":[{\"@type\":\"ListItem\",\"position\":1,\"name\":\"Portada\",\"item\":\"https:\\\/\\\/dubacris.com\\\/\"},{\"@type\":\"ListItem\",\"position\":2,\"name\":\"Qui sommes-nous\"}]},{\"@type\":\"WebSite\",\"@id\":\"https:\\\/\\\/dubacris.com\\\/#website\",\"url\":\"https:\\\/\\\/dubacris.com\\\/\",\"name\":\"Dubacris\",\"description\":\"Fabricante de Mamparas y Herrajes para Vidrio\",\"publisher\":{\"@id\":\"https:\\\/\\\/dubacris.com\\\/#organization\"},\"potentialAction\":[{\"@type\":\"SearchAction\",\"target\":{\"@type\":\"EntryPoint\",\"urlTemplate\":\"https:\\\/\\\/dubacris.com\\\/?s={search_term_string}\"},\"query-input\":{\"@type\":\"PropertyValueSpecification\",\"valueRequired\":true,\"valueName\":\"search_term_string\"}}],\"inLanguage\":\"fr-FR\"},{\"@type\":\"Organization\",\"@id\":\"https:\\\/\\\/dubacris.com\\\/#organization\",\"name\":\"Dubacris\",\"url\":\"https:\\\/\\\/dubacris.com\\\/\",\"logo\":{\"@type\":\"ImageObject\",\"inLanguage\":\"fr-FR\",\"@id\":\"https:\\\/\\\/dubacris.com\\\/#\\\/schema\\\/logo\\\/image\\\/\",\"url\":\"https:\\\/\\\/dubacris.com\\\/wp-content\\\/uploads\\\/2026\\\/02\\\/Dubacris-03.png\",\"contentUrl\":\"https:\\\/\\\/dubacris.com\\\/wp-content\\\/uploads\\\/2026\\\/02\\\/Dubacris-03.png\",\"width\":1755,\"height\":1241,\"caption\":\"Dubacris\"},\"image\":{\"@id\":\"https:\\\/\\\/dubacris.com\\\/#\\\/schema\\\/logo\\\/image\\\/\"}}]}<\/script>\n<!-- \/ Yoast SEO Premium plugin. -->","yoast_head_json":{"title":"Qui sommes-nous - Dubacris","robots":{"index":"index","follow":"follow","max-snippet":"max-snippet:-1","max-image-preview":"max-image-preview:large","max-video-preview":"max-video-preview:-1"},"canonical":"https:\/\/dubacris.com\/fr\/qui-sommes-nous\/","og_locale":"fr_FR","og_type":"article","og_title":"Qui sommes-nous","og_description":"Qui sommes-nous D\u00e9couvrez pourquoi nous choisir Fabricants de parois de douche fiables et de haute qualit\u00e9 fiables y de alta calidad Dubacris dispose d\u2019une vaste exp\u00e9rience dans le secteur de la fabrication de parois de douche, ainsi que dans celui de la ferrure pour verre tremp\u00e9, ce qui nous permet de produire toute pi\u00e8ce que [&hellip;]","og_url":"https:\/\/dubacris.com\/fr\/qui-sommes-nous\/","og_site_name":"Dubacris","article_modified_time":"2026-04-20T07:09:22+00:00","og_image":[{"width":1080,"height":1350,"url":"https:\/\/dubacris.com\/wp-content\/uploads\/2026\/03\/Fabricacion-Nacional-Dubacris.jpg","type":"image\/jpeg"}],"twitter_card":"summary_large_image","twitter_misc":{"Dur\u00e9e de lecture estim\u00e9e":"1 minute"},"schema":{"@context":"https:\/\/schema.org","@graph":[{"@type":"WebPage","@id":"https:\/\/dubacris.com\/fr\/qui-sommes-nous\/","url":"https:\/\/dubacris.com\/fr\/qui-sommes-nous\/","name":"Qui sommes-nous - Dubacris","isPartOf":{"@id":"https:\/\/dubacris.com\/#website"},"primaryImageOfPage":{"@id":"https:\/\/dubacris.com\/fr\/qui-sommes-nous\/#primaryimage"},"image":{"@id":"https:\/\/dubacris.com\/fr\/qui-sommes-nous\/#primaryimage"},"thumbnailUrl":"https:\/\/dubacris.com\/wp-content\/uploads\/2026\/03\/Fabricacion-Nacional-Dubacris.jpg","datePublished":"2026-02-17T08:16:36+00:00","dateModified":"2026-04-20T07:09:22+00:00","breadcrumb":{"@id":"https:\/\/dubacris.com\/fr\/qui-sommes-nous\/#breadcrumb"},"inLanguage":"fr-FR","potentialAction":[{"@type":"ReadAction","target":["https:\/\/dubacris.com\/fr\/qui-sommes-nous\/"]}]},{"@type":"ImageObject","inLanguage":"fr-FR","@id":"https:\/\/dubacris.com\/fr\/qui-sommes-nous\/#primaryimage","url":"https:\/\/dubacris.com\/wp-content\/uploads\/2026\/03\/Fabricacion-Nacional-Dubacris.jpg","contentUrl":"https:\/\/dubacris.com\/wp-content\/uploads\/2026\/03\/Fabricacion-Nacional-Dubacris.jpg","width":1080,"height":1350},{"@type":"BreadcrumbList","@id":"https:\/\/dubacris.com\/fr\/qui-sommes-nous\/#breadcrumb","itemListElement":[{"@type":"ListItem","position":1,"name":"Portada","item":"https:\/\/dubacris.com\/"},{"@type":"ListItem","position":2,"name":"Qui sommes-nous"}]},{"@type":"WebSite","@id":"https:\/\/dubacris.com\/#website","url":"https:\/\/dubacris.com\/","name":"Dubacris","description":"Fabricante de Mamparas y Herrajes para Vidrio","publisher":{"@id":"https:\/\/dubacris.com\/#organization"},"potentialAction":[{"@type":"SearchAction","target":{"@type":"EntryPoint","urlTemplate":"https:\/\/dubacris.com\/?s={search_term_string}"},"query-input":{"@type":"PropertyValueSpecification","valueRequired":true,"valueName":"search_term_string"}}],"inLanguage":"fr-FR"},{"@type":"Organization","@id":"https:\/\/dubacris.com\/#organization","name":"Dubacris","url":"https:\/\/dubacris.com\/","logo":{"@type":"ImageObject","inLanguage":"fr-FR","@id":"https:\/\/dubacris.com\/#\/schema\/logo\/image\/","url":"https:\/\/dubacris.com\/wp-content\/uploads\/2026\/02\/Dubacris-03.png","contentUrl":"https:\/\/dubacris.com\/wp-content\/uploads\/2026\/02\/Dubacris-03.png","width":1755,"height":1241,"caption":"Dubacris"},"image":{"@id":"https:\/\/dubacris.com\/#\/schema\/logo\/image\/"}}]}},"_links":{"self":[{"href":"https:\/\/dubacris.com\/fr\/wp-json\/wp\/v2\/pages\/1969","targetHints":{"allow":["GET"]}}],"collection":[{"href":"https:\/\/dubacris.com\/fr\/wp-json\/wp\/v2\/pages"}],"about":[{"href":"https:\/\/dubacris.com\/fr\/wp-json\/wp\/v2\/types\/page"}],"author":[{"embeddable":true,"href":"https:\/\/dubacris.com\/fr\/wp-json\/wp\/v2\/users\/1"}],"replies":[{"embeddable":true,"href":"https:\/\/dubacris.com\/fr\/wp-json\/wp\/v2\/comments?post=1969"}],"version-history":[{"count":1,"href":"https:\/\/dubacris.com\/fr\/wp-json\/wp\/v2\/pages\/1969\/revisions"}],"predecessor-version":[{"id":1970,"href":"https:\/\/dubacris.com\/fr\/wp-json\/wp\/v2\/pages\/1969\/revisions\/1970"}],"wp:featuredmedia":[{"embeddable":true,"href":"https:\/\/dubacris.com\/fr\/wp-json\/wp\/v2\/media\/1887"}],"wp:attachment":[{"href":"https:\/\/dubacris.com\/fr\/wp-json\/wp\/v2\/media?parent=1969"}],"curies":[{"name":"wp","href":"https:\/\/api.w.org\/{rel}","templated":true}]}}